{"id":3468,"date":"2023-06-17T12:28:23","date_gmt":"2023-06-17T10:28:23","guid":{"rendered":"https:\/\/lwlaw.cz\/%d0%b8%d0%bd%d1%84%d0%be%d1%80%d0%bc%d0%b0%d1%86%d0%b8%d0%be%d0%bd%d0%bd%d0%b0%d1%8f-%d0%be%d0%b1%d1%8f%d0%b7%d0%b0%d0%bd%d0%bd%d0%be%d1%81%d1%82%d1%8c\/"},"modified":"2023-06-21T21:13:32","modified_gmt":"2023-06-21T19:13:32","slug":"%d0%b8%d0%bd%d1%84%d0%be%d1%80%d0%bc%d0%b0%d1%86%d0%b8%d0%be%d0%bd%d0%bd%d0%b0%d1%8f-%d0%be%d0%b1%d1%8f%d0%b7%d0%b0%d0%bd%d0%bd%d0%be%d1%81%d1%82%d1%8c","status":"publish","type":"page","link":"https:\/\/lwlaw.cz\/ru\/%d0%b8%d0%bd%d1%84%d0%be%d1%80%d0%bc%d0%b0%d1%86%d0%b8%d0%be%d0%bd%d0%bd%d0%b0%d1%8f-%d0%be%d0%b1%d1%8f%d0%b7%d0%b0%d0%bd%d0%bd%d0%be%d1%81%d1%82%d1%8c\/","title":{"rendered":"\u0418\u043d\u0444\u043e\u0440\u043c\u0430\u0446\u0438\u043e\u043d\u043d\u0430\u044f \u043e\u0431\u044f\u0437\u0430\u043d\u043d\u043e\u0441\u0442\u044c"},"content":{"rendered":"\t\t<div data-elementor-type=\"wp-page\" data-elementor-id=\"3468\" class=\"elementor elementor-3468 elementor-3456\">\n\t\t\t\t\t\t\t<div class=\"elementor-element elementor-element-6ac9eaf e-con-boxed e-con\" data-id=\"6ac9eaf\" data-element_type=\"container\" data-settings=\"{&quot;content_width&quot;:&quot;boxed&quot;}\">\n\t\t\t\t\t<div class=\"e-con-inner\">\n\t\t\t\t<div class=\"elementor-element elementor-element-a76db66 elementor-widget elementor-widget-text-editor\" data-id=\"a76db66\" data-element_type=\"widget\" data-widget_type=\"text-editor.default\">\n\t\t\t\t<div class=\"elementor-widget-container\">\n\t\t\t<style>\/*! elementor - v3.12.2 - 23-04-2023 *\/\n.elementor-widget-text-editor.elementor-drop-cap-view-stacked .elementor-drop-cap{background-color:#69727d;color:#fff}.elementor-widget-text-editor.elementor-drop-cap-view-framed .elementor-drop-cap{color:#69727d;border:3px solid;background-color:transparent}.elementor-widget-text-editor:not(.elementor-drop-cap-view-default) .elementor-drop-cap{margin-top:8px}.elementor-widget-text-editor:not(.elementor-drop-cap-view-default) .elementor-drop-cap-letter{width:1em;height:1em}.elementor-widget-text-editor .elementor-drop-cap{float:left;text-align:center;line-height:1;font-size:50px}.elementor-widget-text-editor .elementor-drop-cap-letter{display:inline-block}<\/style>\t\t\t\t<p dir=\"ltr\" style=\"line-height: 1.38; text-align: center; margin-top: 12pt; margin-bottom: 12pt;\"><b>\u0418\u041d\u0424\u041e\u0420\u041c\u0410\u0426\u0418\u042f \u041a\u041b\u0418\u0415\u041d\u0422\u0423 \u0412 \u0421\u041e\u041e\u0422\u0412\u0415\u0422\u0421\u0422\u0412\u0418\u0418 \u0421 \u0417\u0410\u041a\u041e\u041d\u041e\u041c \u2116. 253\/2008 \u0421\u043e\u0431., \u041e\u0411 \u041e\u041f\u0420\u0415\u0414\u0415\u041b\u0415\u041d\u041d\u042b\u0425 \u041c\u0415\u0420\u0410\u0425 \u041f\u0420\u041e\u0422\u0418\u0412 \u041b\u0415\u0413\u0410\u041b\u0418\u0417\u0410\u0426\u0418\u0418 \u0414\u041e\u0425\u041e\u0414\u041e\u0412 \u041e\u0422 \u041f\u0420\u0415\u0421\u0422\u0423\u041f\u041d\u041e\u0419 \u0414\u0415\u042f\u0422\u0415\u041b\u042c\u041d\u041e\u0421\u0422\u0418 \u0418 \u0424\u0418\u041d\u0410\u041d\u0421\u0418\u0420\u041e\u0412\u0410\u041d\u0418\u042f \u0422\u0415\u0420\u0420\u041e\u0420\u0418\u0417\u041c\u0410, \u0421 \u041f\u041e\u041f\u0420\u0410\u0412\u041a\u0410\u041c\u0418<\/b><\/p>\n<p><span style=\"font-weight: 400;\">\u0410\u0434\u0432\u043e\u043a\u0430\u0442 \u044f\u0432\u043b\u044f\u0435\u0442\u0441\u044f \u043e\u0431\u044f\u0437\u0430\u043d\u043d\u044b\u043c \u043b\u0438\u0446\u043e\u043c \u0432 \u0441\u043e\u043e\u0442\u0432\u0435\u0442\u0441\u0442\u0432\u0438\u0438 \u0441 \u0437\u0430\u043a\u043e\u043d\u043e\u043c \u2116 253\/2008 \u0421\u043e\u0431., \u043e \u043d\u0435\u043a\u043e\u0442\u043e\u0440\u044b\u0445 \u043c\u0435\u0440\u0430\u0445 \u043f\u043e \u0431\u043e\u0440\u044c\u0431\u0435 \u0441 \u043b\u0435\u0433\u0430\u043b\u0438\u0437\u0430\u0446\u0438\u0435\u0439 \u0434\u043e\u0445\u043e\u0434\u043e\u0432 \u043e\u0442 \u043f\u0440\u0435\u0441\u0442\u0443\u043f\u043d\u043e\u0439 \u0434\u0435\u044f\u0442\u0435\u043b\u044c\u043d\u043e\u0441\u0442\u0438 \u0438 \u0444\u0438\u043d\u0430\u043d\u0441\u0438\u0440\u043e\u0432\u0430\u043d\u0438\u0435\u043c \u0442\u0435\u0440\u0440\u043e\u0440\u0438\u0437\u043c\u0430 \u0441 \u043f\u043e\u043f\u0440\u0430\u0432\u043a\u0430\u043c\u0438 (\u00ab<\/span><b>\u0417\u0430\u043a\u043e\u043d \u043e \u0410\u041c\u041b<\/b><span style=\"font-weight: 400;\">\u00bb). \u0410\u0434\u0432\u043e\u043a\u0430\u0442 \u043e\u0431\u044f\u0437\u0430\u043d \u043e\u0441\u0443\u0449\u0435\u0441\u0442\u0432\u043b\u044f\u0442\u044c \u044e\u0440\u0438\u0434\u0438\u0447\u0435\u0441\u043a\u0438\u0435 \u0434\u0435\u0439\u0441\u0442\u0432\u0438\u044f \u0432 \u0440\u0430\u043c\u043a\u0430\u0445 \u0417\u0430\u043a\u043e\u043d\u0430 \u043e \u0410\u041c\u041b \u0438 \u0432 \u0441\u043e\u043e\u0442\u0432\u0435\u0442\u0441\u0442\u0432\u0438\u0438 \u0441 \u0434\u0440\u0443\u0433\u0438\u043c\u0438 \u043d\u043e\u0440\u043c\u0430\u0442\u0438\u0432\u043d\u044b\u043c\u0438 \u0430\u043a\u0442\u0430\u043c\u0438, \u0447\u0442\u043e \u0432\u043a\u043b\u044e\u0447\u0430\u0435\u0442 \u0432 \u0441\u0435\u0431\u044f \u0438\u0434\u0435\u043d\u0442\u0438\u0444\u0438\u043a\u0430\u0446\u0438\u044e \u0438 \u043f\u0440\u043e\u0432\u0435\u0440\u043a\u0443 \u043a\u043b\u0438\u0435\u043d\u0442\u0430. \u0414\u043b\u044f \u044d\u0442\u043e\u0433\u043e \u043e\u0431\u044f\u0437\u0430\u043d\u043d\u043e\u0435 \u043b\u0438\u0446\u043e \u2013 \u0430\u0434\u0432\u043e\u043a\u0430\u0442 \u043e\u0431\u044f\u0437\u0430\u043d \u0441\u043e\u0431\u0438\u0440\u0430\u0442\u044c \u0438 \u0445\u0440\u0430\u043d\u0438\u0442\u044c \u043f\u0435\u0440\u0441\u043e\u043d\u0430\u043b\u044c\u043d\u044b\u0435 \u0434\u0430\u043d\u043d\u044b\u0435 \u043a\u043b\u0438\u0435\u043d\u0442\u0430 \u0438 \u0434\u0435\u043b\u0430\u0442\u044c \u043a\u043e\u043f\u0438\u0438 \u0434\u043e\u043a\u0443\u043c\u0435\u043d\u0442\u043e\u0432, \u0438\u0437 \u043a\u043e\u0442\u043e\u0440\u044b\u0445 \u044d\u0442\u0438 \u0434\u0430\u043d\u043d\u044b\u0435 \u0431\u044b\u043b\u0438 \u043f\u0440\u043e\u0432\u0435\u0440\u0435\u043d\u044b.<\/span><\/p>\n<p dir=\"ltr\" style=\"line-height: 1.38; margin-top: 12pt; margin-bottom: 12pt;\">\n<\/p><p><b>\u041e\u0431\u044f\u0437\u0430\u043d\u043d\u043e\u0435 \u043b\u0438\u0446\u043e \u0432 \u0446\u0435\u043b\u044f\u0445 \u0438\u0441\u043f\u043e\u043b\u043d\u0435\u043d\u0438\u044f \u043e\u0431\u044f\u0437\u0430\u0442\u0435\u043b\u044c\u0441\u0442\u0432 \u0432 \u0440\u0430\u043c\u043a\u0430\u0445 \u0442\u0440\u0435\u0431\u043e\u0432\u0430\u043d\u0438\u0439 \u0417\u0430\u043a\u043e\u043d\u0430 \u043e \u0410\u041c\u041b<\/b><\/p>\n<p><span style=\"font-weight: 400;\">\u0418\u043c\u044f: <\/span> <span style=\"font-weight: 400;\"> &nbsp; &nbsp; &nbsp; &nbsp; &nbsp; &nbsp; &nbsp; &nbsp; &nbsp; &nbsp; &nbsp; &nbsp; &nbsp; &nbsp; &nbsp; &nbsp; &nbsp; &nbsp; &nbsp; &nbsp; &nbsp; &nbsp; &nbsp; &nbsp; &nbsp; &nbsp; &nbsp; &nbsp; &nbsp; JUDr. Ludmila Winkel, advok\u00e1tka \/&nbsp;<\/span><span style=\"font-size: 13px; color: var( --e-global-color-text ); font-family: var( --e-global-typography-text-font-family ), Sans-serif; text-align: var(--text-align);\">\u041b\u044e\u0434\u043c\u0438\u043b\u0430 \u0412\u0438\u043d\u043a\u0435\u043b<\/span><\/p>\n<p><span style=\"font-weight: 400;\">\u0418\u0434\u0435\u043d\u0442\u0438\u0444\u0438\u043a\u0430\u0446\u0438\u043e\u043d\u043d\u044b\u0439 \u043d\u043e\u043c\u0435\u0440 (<\/span><i><span style=\"font-weight: 400;\">I\u010cO<\/span><\/i><span style=\"font-weight: 400;\">):&nbsp; &nbsp; &nbsp; &nbsp;05018927<\/span><\/p>\n<p><span style=\"font-weight: 400;\">\u0420\u0435\u0433\u0438\u0441\u0442\u0440\u0430\u0446\u0438\u043e\u043d\u043d\u044b\u0439 \u043d\u043e\u043c\u0435\u0440 \u0430\u0434\u0432\u043e\u043a\u0430\u0442\u0430.:&nbsp; &nbsp; 17000<\/span><\/p>\n<p><span style=\"font-weight: 400;\">\u0418\u0434. \u0446\u0438\u0444\u0440\u043e\u0432\u043e\u0433\u043e \u044f\u0449\u0438\u043a\u0430:&nbsp; &nbsp; &nbsp; &nbsp; &nbsp; &nbsp; &nbsp; &nbsp; &nbsp; &nbsp; &nbsp; &nbsp; &nbsp; &nbsp;<\/span> <span style=\"font-weight: 400;\">znxu985 &nbsp; &nbsp; &nbsp; <\/span><\/p>\n<p><span style=\"font-weight: 400;\">\u0410\u0434\u0440\u0435\u0441:&nbsp; &nbsp; &nbsp; &nbsp; &nbsp; &nbsp; &nbsp; &nbsp; &nbsp; &nbsp; &nbsp; &nbsp; &nbsp; &nbsp; &nbsp; &nbsp; &nbsp; &nbsp; &nbsp; &nbsp; &nbsp; &nbsp; &nbsp; &nbsp; &nbsp; &nbsp; &nbsp; &nbsp;&nbsp;<\/span><span style=\"font-weight: 400;\">\u0423\u0440\u0443\u0433\u0432\u0430\u0439\u0441\u043a\u0430 11, 120 00 \u041f\u0440\u0430\u0433\u0430 2<\/span><\/p>\n<p><span style=\"font-weight: 400;\">\u041c\u0435\u0439\u043b:&nbsp; &nbsp; &nbsp; &nbsp; &nbsp; <\/span> <span style=\"font-weight: 400;\">&nbsp; &nbsp; &nbsp; &nbsp; &nbsp; &nbsp; &nbsp; &nbsp; &nbsp; &nbsp; &nbsp; &nbsp; &nbsp; &nbsp; &nbsp; &nbsp; &nbsp; &nbsp; &nbsp; &nbsp; &nbsp; &nbsp; &nbsp; &nbsp;&nbsp;<\/span><span style=\"font-weight: 400;\">ludmila.winkel@lwlaw.cz<\/span><\/p>\n<p><span style=\"font-weight: 400;\">\u0422\u0435\u043b\u0435\u0444\u043e\u043d:&nbsp; &nbsp; &nbsp; &nbsp; &nbsp; &nbsp; &nbsp; &nbsp; &nbsp; <\/span> <span style=\"font-weight: 400;\">&nbsp; &nbsp; &nbsp; &nbsp; &nbsp; &nbsp; &nbsp; &nbsp; &nbsp; &nbsp; <\/span> <span style=\"font-weight: 400;\">&nbsp; &nbsp; &nbsp; &nbsp; &nbsp; &nbsp; &nbsp;&nbsp;<\/span><span style=\"font-weight: 400;\">+ 420 604 233 882<\/span><\/p>\n<p dir=\"ltr\" style=\"line-height: 1.38; margin-top: 12pt; margin-bottom: 12pt;\">\n<\/p><p><b>\u041e\u0431\u044a\u0435\u043c \u043e\u0431\u0440\u0430\u0431\u043e\u0442\u043a\u0438 \u043f\u0435\u0440\u0441\u043e\u043d\u0430\u043b\u044c\u043d\u044b\u0445 \u0434\u0430\u043d\u043d\u044b\u0445<\/b><\/p>\n<p><span style=\"font-weight: 400;\">\u0412\u0441\u0435 <\/span><b>\u0438\u043c\u0435\u043d\u0430 \u0438 \u0444\u0430\u043c\u0438\u043b\u0438\u0438, \u0437\u0432\u0430\u043d\u0438\u0435, \u043c\u0435\u0441\u0442\u043d\u044b\u0439 \u043d\u043e\u043c\u0435\u0440 \u0441\u043e\u0446\u0438\u0430\u043b\u044c\u043d\u043e\u0433\u043e \u0441\u0442\u0440\u0430\u0445\u043e\u0432\u0430\u043d\u0438\u044f (\u043d\u0430 \u0447\u0435\u0448\u0441\u043a\u043e\u043c \u044f\u0437\u044b\u043a\u0435: <\/b><b><i>rodn\u00e9 \u010d\u00edslo<\/i><\/b><b>), \u0434\u0430\u0442\u0430 \u0440\u043e\u0436\u0434\u0435\u043d\u0438\u044f, \u043c\u0435\u0441\u0442\u043e \u0440\u043e\u0436\u0434\u0435\u043d\u0438\u044f \u0438 \u043f\u043e\u043b, \u043f\u043e\u0441\u0442\u043e\u044f\u043d\u043d\u043e\u0435 \u0438\u043b\u0438 \u0438\u043d\u043e\u0435 \u043c\u0435\u0441\u0442\u043e \u0436\u0438\u0442\u0435\u043b\u044c\u0441\u0442\u0432\u0430 \u0438 \u0433\u0440\u0430\u0436\u0434\u0430\u043d\u0441\u0442\u0432\u043e, \u0440\u043e\u0434 \u0437\u0430\u043d\u044f\u0442\u0438\u0439, \u043d\u043e\u043c\u0435\u0440 \u0443\u0434\u043e\u0441\u0442\u043e\u0432\u0435\u0440\u0435\u043d\u0438\u044f \u043b\u0438\u0447\u043d\u043e\u0441\u0442\u0438, \u0444\u043e\u0442\u043e\u0433\u0440\u0430\u0444\u0438\u044f \u0441 \u0443\u0434\u043e\u0441\u0442\u043e\u0432\u0435\u0440\u0435\u043d\u0438\u044f \u043b\u0438\u0447\u043d\u043e\u0441\u0442\u0438<\/b><span style=\"font-weight: 400;\"> \u0438 \u0434\u0440\u0443\u0433\u0430\u044f \u0438\u043d\u0444\u043e\u0440\u043c\u0430\u0446\u0438\u044f \u0441\u043e\u0434\u0435\u0440\u0436\u0430\u0449\u0438\u0435\u0441\u044f \u0432 \u0443\u0434\u043e\u0441\u0442\u043e\u0432\u0435\u0440\u0435\u043d\u0438\u0438 \u043b\u0438\u0447\u043d\u043e\u0441\u0442\u0438, \u043e\u0431\u0440\u0430\u0431\u0430\u0442\u044b\u0432\u0430\u044e\u0442\u0441\u044f. \u0412 \u0441\u043b\u0443\u0447\u0430\u0435 \u0444\u0438\u0437\u0438\u0447\u0435\u0441\u043a\u043e\u0433\u043e \u043b\u0438\u0446\u0430, \u0437\u0430\u043d\u0438\u043c\u0430\u044e\u0449\u0435\u0433\u043e\u0441\u044f \u0431\u0438\u0437\u043d\u0435\u0441\u043e\u043c, \u0442\u0430\u043a\u0436\u0435 <\/span><b>\u0444\u0438\u0440\u043c\u0435\u043d\u043d\u043e\u0435 \u043d\u0430\u0438\u043c\u0435\u043d\u043e\u0432\u0430\u043d\u0438\u0435 \u0438\u043b\u0438, \u0432 \u0441\u043b\u0443\u0447\u0430\u0435 \u043a\u043e\u043c\u043f\u0430\u043d\u0438\u0438, \u043d\u0430\u0437\u0432\u0430\u043d\u0438\u0435 \u043a\u043e\u043c\u043f\u0430\u043d\u0438\u0438<\/b><span style=\"font-weight: 400;\">, \u043e\u0442\u043b\u0438\u0447\u0438\u0442\u0435\u043b\u044c\u043d\u043e\u0435 \u0434\u043e\u043f\u043e\u043b\u043d\u0435\u043d\u0438\u0435 \u0438\u043b\u0438 \u0434\u0440\u0443\u0433\u043e\u0435 \u043e\u0431\u043e\u0437\u043d\u0430\u0447\u0435\u043d\u0438\u0435, \u044e\u0440\u0438\u0434\u0438\u0447\u0435\u0441\u043a\u0438\u0439 \u0430\u0434\u0440\u0435\u0441 \u0438 <\/span><b>\u0438\u0434\u0435\u043d\u0442\u0438\u0444\u0438\u043a\u0430\u0446\u0438\u043e\u043d\u043d\u044b\u0439 \u043d\u043e\u043c\u0435\u0440 \u043b\u0438\u0446\u0430\/\u043a\u043e\u043c\u043f\u0430\u043d\u0438\u0438<\/b><span style=\"font-weight: 400;\">. \u0422\u0430\u043a\u0436\u0435 \u043c\u043e\u0433\u0443\u0442 \u043e\u0431\u0440\u0430\u0431\u0430\u0442\u044b\u0432\u0430\u0442\u044c\u0441\u044f \u0434\u0440\u0443\u0433\u0438\u0435 \u043a\u043e\u043d\u0442\u0430\u043a\u0442\u043d\u044b\u0435 \u0434\u0430\u043d\u043d\u044b\u0435, \u0432 \u0447\u0430\u0441\u0442\u043d\u043e\u0441\u0442\u0438 \u043d\u043e\u043c\u0435\u0440 \u0442\u0435\u043b\u0435\u0444\u043e\u043d\u0430 \u0438 \u0430\u0434\u0440\u0435\u0441 \u044d\u043b\u0435\u043a\u0442\u0440\u043e\u043d\u043d\u043e\u0439 \u043f\u043e\u0447\u0442\u044b, \u0430 \u0442\u0430\u043a\u0436\u0435 \u0434\u0440\u0443\u0433\u0438\u0435 \u0434\u0430\u043d\u043d\u044b\u0435, \u043f\u043e\u043b\u0443\u0447\u0435\u043d\u043d\u044b\u0435 \u0432 \u0440\u0430\u043c\u043a\u0430\u0445 \u043a\u043e\u043d\u0442\u0440\u043e\u043b\u044f \u0438 \u0442\u0435\u043a\u0443\u0449\u0435\u0433\u043e \u043a\u043e\u043d\u0442\u0440\u043e\u043b\u044f \u043a\u043b\u0438\u0435\u043d\u0442\u0430 \u0438 \u0432\u044b\u043f\u043e\u043b\u043d\u0435\u043d\u0438\u044f \u0434\u0440\u0443\u0433\u0438\u0445 \u043e\u0431\u044f\u0437\u0430\u0442\u0435\u043b\u044c\u0441\u0442\u0432 \u0432 \u0441\u043e\u043e\u0442\u0432\u0435\u0442\u0441\u0442\u0432\u0438\u0438 \u0441 \u0417\u0430\u043a\u043e\u043d\u043e\u043c \u043e \u0410\u041c\u041b. <\/span><b>\u041c\u043e\u0433\u0443\u0442 \u0441\u043e\u0431\u0438\u0440\u0430\u0442\u044c\u0441\u044f \u043f\u0435\u0440\u0441\u043e\u043d\u0430\u043b\u044c\u043d\u044b\u0435 \u0434\u0430\u043d\u043d\u044b\u0435 \u0434\u043b\u044f \u0432\u044b\u0448\u0435\u0443\u043a\u0430\u0437\u0430\u043d\u043d\u043e\u0439 \u0446\u0435\u043b\u0438, \u0442\u0430\u043a\u0436\u0435 \u043c\u043e\u0433\u0443\u0442 \u0431\u044b\u0442\u044c \u0437\u0430\u043f\u0440\u043e\u0448\u0435\u043d\u044b \u0438 \u0441\u043e\u0445\u0440\u0430\u043d\u0435\u043d\u044b \u043a\u043e\u043f\u0438\u0438 \u0434\u043e\u043a\u0443\u043c\u0435\u043d\u0442\u043e\u0432, \u0438\u0437 \u043a\u043e\u0442\u043e\u0440\u044b\u0445 \u0431\u044b\u043b\u0438 \u043f\u0440\u043e\u0432\u0435\u0440\u0435\u043d\u044b \u0432\u044b\u0448\u0435\u0443\u043a\u0430\u0437\u0430\u043d\u043d\u044b\u0435 \u0434\u0430\u043d\u043d\u044b\u0435.<\/b><\/p>\n<p><b>\u0426\u0435\u043b\u044c \u043e\u0431\u0440\u0430\u0431\u043e\u0442\u043a\u0438<\/b><\/p>\n<p><b>\u0412\u044b\u043f\u043e\u043b\u043d\u0435\u043d\u0438\u0435 \u044e\u0440\u0438\u0434\u0438\u0447\u0435\u0441\u043a\u0438\u0445 \u043e\u0431\u044f\u0437\u0430\u0442\u0435\u043b\u044c\u0441\u0442\u0432 <\/b><span style=\"font-weight: 400;\">\u0432 \u0441\u0444\u0435\u0440\u0435 \u043f\u0440\u043e\u0442\u0438\u0432\u043e\u0434\u0435\u0439\u0441\u0442\u0432\u0438\u044f \u043b\u0435\u0433\u0430\u043b\u0438\u0437\u0430\u0446\u0438\u0438 \u0434\u043e\u0445\u043e\u0434\u043e\u0432, \u043f\u043e\u043b\u0443\u0447\u0435\u043d\u043d\u044b\u0445 \u043f\u0440\u0435\u0441\u0442\u0443\u043f\u043d\u044b\u043c \u043f\u0443\u0442\u0435\u043c, \u0438 \u0444\u0438\u043d\u0430\u043d\u0441\u0438\u0440\u043e\u0432\u0430\u043d\u0438\u044e \u0442\u0435\u0440\u0440\u043e\u0440\u0438\u0437\u043c\u0430.<\/span><\/p>\n<p><b>\u0418\u043d\u0444\u043e\u0440\u043c\u0430\u0446\u0438\u044f \u043e \u0432\u043e\u0437\u043c\u043e\u0436\u043d\u043e\u0439 \u043f\u0435\u0440\u0435\u0434\u0430\u0447\u0435 \u043f\u0435\u0440\u0441\u043e\u043d\u0430\u043b\u044c\u043d\u044b\u0445 \u0434\u0430\u043d\u043d\u044b\u0445<\/b><\/p>\n<p><span style=\"font-weight: 400;\">\u041f\u0435\u0440\u0441\u043e\u043d\u0430\u043b\u044c\u043d\u044b\u0435 \u0434\u0430\u043d\u043d\u044b\u0435 \u043c\u043e\u0433\u0443\u0442 \u0431\u044b\u0442\u044c \u043f\u0435\u0440\u0435\u0434\u0430\u043d\u044b \u043d\u0430 \u0443\u0441\u043b\u043e\u0432\u0438\u044f\u0445, \u0443\u0441\u0442\u0430\u043d\u043e\u0432\u043b\u0435\u043d\u043d\u044b\u0445 GDPR \u043f\u0440\u0430\u0432\u0438\u043b\u0430\u043c\u0438 \u0438 \u0417\u0430\u043a\u043e\u043d\u043e\u043c \u043e \u0410\u041c\u041b.<\/span><\/p>\n<p><b>\u0421\u0440\u043e\u043a \u043e\u0431\u0440\u0430\u0431\u043e\u0442\u043a\u0438 \u043f\u0435\u0440\u0441\u043e\u043d\u0430\u043b\u044c\u043d\u044b\u0445 \u0434\u0430\u043d\u043d\u044b\u0445<\/b><\/p>\n<p><span style=\"font-weight: 400;\">\u041f\u0435\u0440\u0441\u043e\u043d\u0430\u043b\u044c\u043d\u044b\u0435 \u0434\u0430\u043d\u043d\u044b\u0435 \u043e\u0431\u0440\u0430\u0431\u0430\u0442\u044b\u0432\u0430\u044e\u0442\u0441\u044f <\/span><b>\u0432 \u0442\u0435\u0447\u0435\u043d\u0438\u0435 10 (\u0434\u0435\u0441\u044f\u0442\u0438) \u043b\u0435\u0442 \u043f\u043e\u0441\u043b\u0435 \u043f\u0440\u0435\u043a\u0440\u0430\u0449\u0435\u043d\u0438\u044f \u0434\u043e\u0433\u043e\u0432\u043e\u0440\u043d\u044b\u0445 \u043e\u0442\u043d\u043e\u0448\u0435\u043d\u0438\u0439<\/b><span style=\"font-weight: 400;\"> \u0441 \u043a\u043b\u0438\u0435\u043d\u0442\u043e\u043c \u0438\u043b\u0438 \u043f\u0440\u0435\u043a\u0440\u0430\u0449\u0435\u043d\u0438\u044f \u043e\u043a\u0430\u0437\u0430\u043d\u0438\u044f \u044e\u0440\u0438\u0434\u0438\u0447\u0435\u0441\u043a\u0438\u0445 \u0443\u0441\u043b\u0443\u0433 \u043a\u043b\u0438\u0435\u043d\u0442\u0443 \u0441\u043e \u0441\u0442\u043e\u0440\u043e\u043d\u044b \u0430\u0434\u0432\u043e\u043a\u0430\u0442\u0430.<\/span><\/p>\n<p><b>\u041f\u0440\u0430\u0432\u0430 \u043a\u043b\u0438\u0435\u043d\u0442\u0430<\/b><\/p>\n<p><span style=\"font-weight: 400;\">\u041a\u043b\u0438\u0435\u043d\u0442 \u0438\u043c\u0435\u0435\u0442 <\/span><b>\u043f\u0440\u0430\u0432\u043e \u043d\u0430 \u0434\u043e\u0441\u0442\u0443\u043f, \u0438\u0441\u043f\u0440\u0430\u0432\u043b\u0435\u043d\u0438\u0435, \u043e\u0433\u0440\u0430\u043d\u0438\u0447\u0435\u043d\u0438\u0435 \u0438 \u0443\u0434\u0430\u043b\u0435\u043d\u0438\u0435 \u043e\u0431\u0440\u0430\u0431\u043e\u0442\u0430\u043d\u043d\u044b\u0445 \u0434\u0430\u043d\u043d\u044b\u0445<\/b><span style=\"font-weight: 400;\"> \u0432 \u0441\u043e\u043e\u0442\u0432\u0435\u0442\u0441\u0442\u0432\u0438\u0438 \u0441 \u0441\u043e\u043e\u0442\u0432\u0435\u0442\u0441\u0442\u0432\u0443\u044e\u0449\u0438\u043c\u0438 \u043f\u0440\u0430\u0432\u043e\u0432\u044b\u043c\u0438 \u043d\u043e\u0440\u043c\u0430\u043c\u0438, \u0435\u0441\u043b\u0438 \u0432 \u043a\u043e\u043d\u043a\u0440\u0435\u0442\u043d\u043e\u043c \u0441\u043b\u0443\u0447\u0430\u0435 \u044d\u0442\u043e \u043d\u0435 \u043f\u0440\u043e\u0442\u0438\u0432\u043e\u0440\u0435\u0447\u0438\u0442 \u0442\u0440\u0435\u0431\u043e\u0432\u0430\u043d\u0438\u044f\u043c \u043f\u0440\u0430\u0432\u043e\u0432\u044b\u0445 \u043d\u043e\u0440\u043c, \u043a\u043e\u0442\u043e\u0440\u044b\u043c\u0438 \u043e\u0431\u044f\u0437\u0430\u043d \u0430\u0434\u0432\u043e\u043a\u0430\u0442.<\/span><\/p>\n<p dir=\"ltr\" style=\"line-height: 1.38; margin-top: 12pt; margin-bottom: 12pt;\"><span style=\"font-weight: 400;\">\u0412 \u0441\u043b\u0443\u0447\u0430\u0435 \u043e\u0431\u044f\u0437\u0430\u0442\u0435\u043b\u044c\u0441\u0442\u0432 \u0432 \u0441\u043e\u043e\u0442\u0432\u0435\u0442\u0441\u0442\u0432\u0438\u0438 \u0441 \u0417\u0430\u043a\u043e\u043d\u043e\u043c \u043e \u0410\u041c\u041b <\/span><b>\u043d\u0430\u0434\u0437\u043e\u0440\u043d\u044b\u043c \u043e\u0440\u0433\u0430\u043d\u043e\u043c<\/b><span style=\"font-weight: 400;\"> \u0432 \u043f\u0435\u0440\u0432\u0443\u044e \u043e\u0447\u0435\u0440\u0435\u0434\u044c \u044f\u0432\u043b\u044f\u0435\u0442\u0441\u044f \u0427\u0435\u0448\u0441\u043a\u0430\u044f \u043a\u043e\u043b\u043b\u0435\u0433\u0438\u044f \u0430\u0434\u0432\u043e\u043a\u0430\u0442\u043e\u0432 (\u043d\u0430 \u0447\u0435\u0448\u0441\u043a\u043e\u043c \u044f\u0437\u044b\u043a\u0435: <\/span><b><i>\u010cesk\u00e1 advok\u00e1tn\u00ed komora<\/i><\/b><span style=\"font-weight: 400;\">) \u0438 \u0423\u043f\u0440\u0430\u0432\u043b\u0435\u043d\u0438\u0435 \u0444\u0438\u043d\u0430\u043d\u0441\u043e\u0432\u043e\u0433\u043e \u0430\u043d\u0430\u043b\u0438\u0437\u0430 (\u043d\u0430 \u0447\u0435\u0448\u0441\u043a\u043e\u043c \u044f\u0437\u044b\u043a\u0435: <\/span><b><i>Finan\u010dn\u00ed analytick\u00fd \u00fa\u0159ad<\/i><\/b><span style=\"font-weight: 400;\">). \u041d\u0430\u0434\u0437\u043e\u0440\u043d\u044b\u043c \u043e\u0440\u0433\u0430\u043d\u043e\u043c \u0432 \u043e\u0431\u043b\u0430\u0441\u0442\u0438 \u0437\u0430\u0449\u0438\u0442\u044b \u043f\u0435\u0440\u0441\u043e\u043d\u0430\u043b\u044c\u043d\u044b\u0445 \u0434\u0430\u043d\u043d\u044b\u0445 \u044f\u0432\u043b\u044f\u0435\u0442\u0441\u044f \u0423\u043f\u0440\u0430\u0432\u043b\u0435\u043d\u0438\u0435 \u043f\u043e \u0437\u0430\u0449\u0438\u0442\u0435 \u043f\u0435\u0440\u0441\u043e\u043d\u0430\u043b\u044c\u043d\u044b\u0445 \u0434\u0430\u043d\u043d\u044b\u0445 (\u043d\u0430 \u0447\u0435\u0448\u0441\u043a\u043e\u043c \u044f\u0437\u044b\u043a\u0435: <\/span><b><i>\u00da\u0159ad pro ochranu osobn\u00edch \u00fadaj\u016f<\/i><\/b><span style=\"font-weight: 400;\">).<\/span><\/p>\t\t\t\t\t\t<\/div>\n\t\t\t\t<\/div>\n\t\t\t\t\t<\/div>\n\t\t\t\t<\/div>\n\t\t\t\t\t\t\t<\/div>\n\t\t","protected":false},"excerpt":{"rendered":"<p>\u0418\u041d\u0424\u041e\u0420\u041c\u0410\u0426\u0418\u042f \u041a\u041b\u0418\u0415\u041d\u0422\u0423 \u0412 \u0421\u041e\u041e\u0422\u0412\u0415\u0422\u0421\u0422\u0412\u0418\u0418 \u0421 \u0417\u0410\u041a\u041e\u041d\u041e\u041c \u2116. 253\/2008 \u0421\u043e\u0431., \u041e\u0411 \u041e\u041f\u0420\u0415\u0414\u0415\u041b\u0415\u041d\u041d\u042b\u0425 \u041c\u0415\u0420\u0410\u0425 \u041f\u0420\u041e\u0422\u0418\u0412 \u041b\u0415\u0413\u0410\u041b\u0418\u0417\u0410\u0426\u0418\u0418 \u0414\u041e\u0425\u041e\u0414\u041e\u0412 \u041e\u0422 \u041f\u0420\u0415\u0421\u0422\u0423\u041f\u041d\u041e\u0419 \u0414\u0415\u042f\u0422\u0415\u041b\u042c\u041d\u041e\u0421\u0422\u0418 \u0418 \u0424\u0418\u041d\u0410\u041d\u0421\u0418\u0420\u041e\u0412\u0410\u041d\u0418\u042f \u0422\u0415\u0420\u0420\u041e\u0420\u0418\u0417\u041c\u0410, \u0421 \u041f\u041e\u041f\u0420\u0410\u0412\u041a\u0410\u041c\u0418 \u0410\u0434\u0432\u043e\u043a\u0430\u0442 \u044f\u0432\u043b\u044f\u0435\u0442\u0441\u044f&hellip;<\/p>\n","protected":false},"author":1,"featured_media":0,"parent":0,"menu_order":0,"comment_status":"closed","ping_status":"closed","template":"","meta":[],"_links":{"self":[{"href":"https:\/\/lwlaw.cz\/ru\/wp-json\/wp\/v2\/pages\/3468"}],"collection":[{"href":"https:\/\/lwlaw.cz\/ru\/wp-json\/wp\/v2\/pages"}],"about":[{"href":"https:\/\/lwlaw.cz\/ru\/wp-json\/wp\/v2\/types\/page"}],"author":[{"embeddable":true,"href":"https:\/\/lwlaw.cz\/ru\/wp-json\/wp\/v2\/users\/1"}],"replies":[{"embeddable":true,"href":"https:\/\/lwlaw.cz\/ru\/wp-json\/wp\/v2\/comments?post=3468"}],"version-history":[{"count":4,"href":"https:\/\/lwlaw.cz\/ru\/wp-json\/wp\/v2\/pages\/3468\/revisions"}],"predecessor-version":[{"id":3522,"href":"https:\/\/lwlaw.cz\/ru\/wp-json\/wp\/v2\/pages\/3468\/revisions\/3522"}],"wp:attachment":[{"href":"https:\/\/lwlaw.cz\/ru\/wp-json\/wp\/v2\/media?parent=3468"}],"curies":[{"name":"wp","href":"https:\/\/api.w.org\/{rel}","templated":true}]}}