{"id":3034,"date":"2023-02-26T17:30:53","date_gmt":"2023-02-26T15:30:53","guid":{"rendered":"https:\/\/lwlaw.cz\/%d0%be%d0%b1%d0%be-%d0%bc%d0%bd%d0%b5\/"},"modified":"2023-06-24T00:57:12","modified_gmt":"2023-06-23T22:57:12","slug":"%d0%be%d0%b1%d0%be-%d0%bc%d0%bd%d0%b5","status":"publish","type":"page","link":"https:\/\/lwlaw.cz\/ru\/%d0%be%d0%b1%d0%be-%d0%bc%d0%bd%d0%b5\/","title":{"rendered":"\u041e\u0431\u043e \u043c\u043d\u0435"},"content":{"rendered":"\t\t<div data-elementor-type=\"wp-page\" data-elementor-id=\"3034\" class=\"elementor elementor-3034 elementor-217\">\n\t\t\t\t\t\t\t<div class=\"elementor-element elementor-element-64da529 e-con-boxed e-con\" data-id=\"64da529\" data-element_type=\"container\" data-settings=\"{&quot;content_width&quot;:&quot;boxed&quot;}\">\n\t\t\t\t\t<div class=\"e-con-inner\">\n\t\t\t\t<div class=\"elementor-element elementor-element-637bb8e elementor-widget elementor-widget-image\" data-id=\"637bb8e\" data-element_type=\"widget\" data-widget_type=\"image.default\">\n\t\t\t\t<div class=\"elementor-widget-container\">\n\t\t\t<style>\/*! elementor - v3.12.2 - 23-04-2023 *\/\n.elementor-widget-image{text-align:center}.elementor-widget-image a{display:inline-block}.elementor-widget-image a img[src$=\".svg\"]{width:48px}.elementor-widget-image img{vertical-align:middle;display:inline-block}<\/style>\t\t\t\t\t\t\t\t\t\t\t\t<img decoding=\"async\" width=\"640\" height=\"427\" src=\"https:\/\/lwlaw.cz\/wp-content\/uploads\/2023\/05\/2-768x512.jpeg\" class=\"attachment-medium_large size-medium_large wp-image-3161\" alt=\"\" loading=\"lazy\" srcset=\"https:\/\/lwlaw.cz\/wp-content\/uploads\/2023\/05\/2-768x512.jpeg 768w, https:\/\/lwlaw.cz\/wp-content\/uploads\/2023\/05\/2-300x200.jpeg 300w, https:\/\/lwlaw.cz\/wp-content\/uploads\/2023\/05\/2-1024x683.jpeg 1024w, https:\/\/lwlaw.cz\/wp-content\/uploads\/2023\/05\/2-1536x1024.jpeg 1536w, https:\/\/lwlaw.cz\/wp-content\/uploads\/2023\/05\/2-2048x1366.jpeg 2048w\" sizes=\"(max-width: 640px) 100vw, 640px\" \/>\t\t\t\t\t\t\t\t\t\t\t\t\t\t\t<\/div>\n\t\t\t\t<\/div>\n\t\t\t\t\t<\/div>\n\t\t\t\t<\/div>\n\t\t\t\t<section class=\"elementor-section elementor-top-section elementor-element elementor-element-5966e5ae elementor-section-boxed elementor-section-height-default elementor-section-height-default\" data-id=\"5966e5ae\" data-element_type=\"section\">\n\t\t\t\t\t\t<div class=\"elementor-container elementor-column-gap-default\">\n\t\t\t\t\t<div class=\"elementor-column elementor-col-100 elementor-top-column elementor-element elementor-element-e123057\" data-id=\"e123057\" data-element_type=\"column\">\n\t\t\t<div class=\"elementor-widget-wrap elementor-element-populated\">\n\t\t\t\t\t\t\t\t<div class=\"elementor-element elementor-element-57197475 elementor-widget elementor-widget-text-editor\" data-id=\"57197475\" data-element_type=\"widget\" data-widget_type=\"text-editor.default\">\n\t\t\t\t<div class=\"elementor-widget-container\">\n\t\t\t<style>\/*! elementor - v3.12.2 - 23-04-2023 *\/\n.elementor-widget-text-editor.elementor-drop-cap-view-stacked .elementor-drop-cap{background-color:#69727d;color:#fff}.elementor-widget-text-editor.elementor-drop-cap-view-framed .elementor-drop-cap{color:#69727d;border:3px solid;background-color:transparent}.elementor-widget-text-editor:not(.elementor-drop-cap-view-default) .elementor-drop-cap{margin-top:8px}.elementor-widget-text-editor:not(.elementor-drop-cap-view-default) .elementor-drop-cap-letter{width:1em;height:1em}.elementor-widget-text-editor .elementor-drop-cap{float:left;text-align:center;line-height:1;font-size:50px}.elementor-widget-text-editor .elementor-drop-cap-letter{display:inline-block}<\/style>\t\t\t\t<p><span style=\"font-weight: 400;\">\u042f \u0437\u0430\u043d\u0438\u043c\u0430\u044e\u0441\u044c \u044e\u0440\u0438\u0434\u0438\u0447\u0435\u0441\u043a\u043e\u0439 \u043f\u0440\u0430\u043a\u0442\u0438\u043a\u043e\u0439 \u0441 2009 \u0433\u043e\u0434\u0430. \u041f\u0440\u0435\u0436\u0434\u0435 \u0447\u0435\u043c \u043d\u0430\u0447\u0430\u0442\u044c \u0441\u043e\u0431\u0441\u0442\u0432\u0435\u043d\u043d\u0443\u044e \u043f\u0440\u0430\u043a\u0442\u0438\u043a\u0443, \u043d\u0430 \u043f\u0440\u043e\u0442\u044f\u0436\u0435\u043d\u0438\u0438 \u0441\u0435\u043c\u0438 \u043b\u0435\u0442 \u044f \u0441\u043e\u0442\u0440\u0443\u0434\u043d\u0438\u0447\u0430\u043b\u0430 \u0441 HAVEL &amp; PARTNERS \u2013 \u043a\u0440\u0443\u043f\u043d\u0435\u0439\u0448\u0438\u043c \u0447\u0435\u0448\u0441\u043a\u043e-\u0441\u043b\u043e\u0432\u0430\u0446\u043a\u0438\u043c \u044e\u0440\u0438\u0434\u0438\u0447\u0435\u0441\u043a\u0438\u043c \u0431\u044e\u0440\u043e, \u043f\u043e\u0447\u0442\u0438 \u0447\u0435\u0442\u044b\u0440\u0435 \u0433\u043e\u0434\u0430 \u0432 \u0434\u0440\u0443\u0433\u0438\u0445 \u0432\u0435\u0434\u0443\u0449\u0438\u0445 \u0447\u0435\u0448\u0441\u043a\u0438\u0445 \u044e\u0440\u0438\u0434\u0438\u0447\u0435\u0441\u043a\u0438\u0445 \u0444\u0438\u0440\u043c\u0430\u0445 \u0438 \u0442\u0440\u0438 \u0433\u043e\u0434\u0430 \u0432 \u044e\u0440\u0438\u0434\u0438\u0447\u0435\u0441\u043a\u043e\u043c \u043e\u0442\u0434\u0435\u043b\u0435 \u043c\u0435\u0436\u0434\u0443\u043d\u0430\u0440\u043e\u0434\u043d\u043e\u0439 \u0441\u0435\u0442\u0438 \u0433\u0438\u043f\u0435\u0440\u043c\u0430\u0440\u043a\u0435\u0442\u043e\u0432 Kaufland.<\/span><\/p><p><span style=\"font-weight: 400;\">\u0417\u0430 \u0432\u0440\u0435\u043c\u044f \u0440\u0430\u0431\u043e\u0442\u044b \u0432 \u0432\u0435\u0434\u0443\u0449\u0438\u0445 \u0447\u0435\u0448\u0441\u043a\u0438\u0445 \u044e\u0440\u0438\u0434\u0438\u0447\u0435\u0441\u043a\u0438\u0445 \u0444\u0438\u0440\u043c\u0430\u0445 \u044f \u0431\u044b\u043b\u0430 \u043a\u043b\u044e\u0447\u0435\u0432\u044b\u043c \u0443\u0447\u0430\u0441\u0442\u043d\u0438\u043a\u043e\u043c \u0434\u0435\u0441\u044f\u0442\u043a\u043e\u0432 \u043a\u0440\u0443\u043f\u043d\u044b\u0445 \u0441\u0434\u0435\u043b\u043e\u043a \u0441 \u043d\u0435\u0434\u0432\u0438\u0436\u0438\u043c\u043e\u0441\u0442\u044c\u044e \u0438 \u043a\u043e\u0440\u043f\u043e\u0440\u0430\u0442\u0438\u0432\u043d\u044b\u0445 \u043f\u0440\u0438\u043e\u0431\u0440\u0435\u0442\u0435\u043d\u0438\u0439, \u043f\u0440\u0438 \u043f\u0440\u043e\u0432\u0435\u0434\u0435\u043d\u0438\u0438 \u044e\u0440\u0438\u0434\u0438\u0447\u0435\u0441\u043a\u0438\u0445 \u043f\u0440\u043e\u0432\u0435\u0440\u043e\u043a \u0438 \u0441\u043e\u0437\u0434\u0430\u043d\u0438\u0438 \u0441\u043e\u0432\u043c\u0435\u0441\u0442\u043d\u044b\u0445 \u043f\u0440\u0435\u0434\u043f\u0440\u0438\u044f\u0442\u0438\u0439 (<\/span><i><span style=\"font-weight: 400;\">joint ventures<\/span><\/i><span style=\"font-weight: 400;\">). \u041a\u0440\u043e\u043c\u0435 \u0442\u043e\u0433\u043e, \u044f \u0438\u043c\u0435\u044e \u0431\u043e\u043b\u044c\u0448\u043e\u0439 \u043e\u043f\u044b\u0442 \u043f\u0440\u0435\u0434\u0441\u0442\u0430\u0432\u043b\u0435\u043d\u0438\u044f \u0438\u043d\u0442\u0435\u0440\u0435\u0441\u043e\u0432 \u043a\u043b\u0438\u0435\u043d\u0442\u043e\u0432 \u0432 \u043a\u043e\u043c\u043f\u043b\u0435\u043a\u0441\u043d\u044b\u0445 \u0441\u0443\u0434\u0435\u0431\u043d\u044b\u0445 \u0440\u0430\u0437\u0431\u0438\u0440\u0430\u0442\u0435\u043b\u044c\u0441\u0442\u0432\u0430\u0445, \u0432 \u0441\u043f\u043e\u0440\u0430\u0445 \u0432\u043e \u0432\u043d\u0435\u0441\u0443\u0434\u0435\u0431\u043d\u043e\u043c \u043f\u043e\u0440\u044f\u0434\u043a\u0435 \u0438 \u043f\u0435\u0440\u0435\u0434 \u0433\u043e\u0441\u0443\u0434\u0430\u0440\u0441\u0442\u0432\u0435\u043d\u043d\u044b\u043c\u0438 \u043e\u0440\u0433\u0430\u043d\u0430\u043c\u0438.<\/span><\/p><p><span style=\"font-weight: 400;\">\u042f \u044f\u0432\u043b\u044f\u044e\u0441\u044c \u0447\u043b\u0435\u043d\u043e\u043c \u0427\u0435\u0448\u0441\u043a\u043e\u0439 \u043a\u043e\u043b\u043b\u0435\u0433\u0438\u0438 \u0430\u0434\u0432\u043e\u043a\u0430\u0442\u043e\u0432 (\u010cesk\u00e1 advok\u00e1tn\u00ed komora) \u0441 2016 \u0433\u043e\u0434\u0430 \u043f\u043e\u0441\u043b\u0435 \u0441\u0434\u0430\u0447\u0438 \u0430\u0434\u0432\u043e\u043a\u0430\u0442\u0441\u043a\u043e\u0433\u043e \u044d\u043a\u0437\u0430\u043c\u0435\u043d\u0430 (Advok\u00e1tn\u00ed zkou\u0161ka). \u042f \u0432\u044b\u043f\u0443\u0441\u043a\u043d\u0438\u043a \u044e\u0440\u0438\u0434\u0438\u0447\u0435\u0441\u043a\u043e\u0433\u043e \u0444\u0430\u043a\u0443\u043b\u044c\u0442\u0435\u0442\u0430 \u041a\u0430\u0440\u043b\u043e\u0432\u0430 \u0443\u043d\u0438\u0432\u0435\u0440\u0441\u0438\u0442\u0435\u0442\u0430 \u0432 \u041f\u0440\u0430\u0433\u0435, \u0433\u0434\u0435 \u044f \u043f\u043e\u043b\u0443\u0447\u0438\u043b\u0430 \u0442\u0438\u0442\u0443\u043b \u043c\u0430\u0433\u0438\u0441\u0442\u0440\u0430 (Mgr.) \u0432 2012 \u0433\u043e\u0434\u0443 \u0438 \u0434\u043e\u043a\u0442\u043e\u0440\u0441\u043a\u0438\u0439 \u0442\u0438\u0442\u0443\u043b (JUDr.) \u0432 2021 \u0433\u043e\u0434\u0443.<\/span><\/p><p><span style=\"font-weight: 400;\">\u042f \u0441\u0432\u043e\u0431\u043e\u0434\u043d\u043e \u0433\u043e\u0432\u043e\u0440\u044e \u043d\u0430 \u0440\u0443\u0441\u0441\u043a\u043e\u043c, \u0430\u043d\u0433\u043b\u0438\u0439\u0441\u043a\u043e\u043c \u0438 \u0447\u0435\u0448\u0441\u043a\u043e\u043c \u044f\u0437\u044b\u043a\u0430\u0445 \u0438 \u043c\u043e\u0433\u0443 \u043f\u0440\u0435\u0434\u043e\u0441\u0442\u0430\u0432\u0438\u0442\u044c \u043a\u043e\u043c\u043f\u043b\u0435\u043a\u0441\u043d\u044b\u0435 \u044e\u0440\u0438\u0434\u0438\u0447\u0435\u0441\u043a\u0438\u0435 \u0443\u0441\u043b\u0443\u0433\u0438 \u0438 \u043a\u043e\u043d\u0441\u0443\u043b\u044c\u0442\u0430\u0446\u0438\u0438 \u043d\u0430 \u0432\u0441\u0435\u0445 \u0442\u0440\u0435\u0445 \u044f\u0437\u044b\u043a\u0430\u0445. \u0418\u043c\u0435\u044e \u0434\u043e\u043b\u0433\u0443\u044e \u0443\u0441\u043f\u0435\u0448\u043d\u0443\u044e \u0438\u0441\u0442\u043e\u0440\u0438\u044e \u043e\u043a\u0430\u0437\u0430\u043d\u0438\u044f \u043f\u043e\u043c\u043e\u0449\u0438 \u043a\u043b\u0438\u0435\u043d\u0442\u0430\u043c \u043f\u043e \u044e\u0440\u0438\u0434\u0438\u0447\u0435\u0441\u043a\u0438\u043c \u0432\u043e\u043f\u0440\u043e\u0441\u0430\u043c \u043a\u0430\u043a \u0432 \u0427\u0435\u0445\u0438\u0438, \u0442\u0430\u043a \u0438 \u0437\u0430 \u0433\u0440\u0430\u043d\u0438\u0446\u0435\u0439.<\/span><\/p>\t\t\t\t\t\t<\/div>\n\t\t\t\t<\/div>\n\t\t\t\t\t<\/div>\n\t\t<\/div>\n\t\t\t\t\t\t\t<\/div>\n\t\t<\/section>\n\t\t<div class=\"elementor-element elementor-element-6e27774 e-con-boxed e-con\" data-id=\"6e27774\" data-element_type=\"container\" data-settings=\"{&quot;content_width&quot;:&quot;boxed&quot;}\">\n\t\t\t\t\t<div class=\"e-con-inner\">\n\t\t<div class=\"elementor-element elementor-element-dcf7aa0 e-con-full e-con\" data-id=\"dcf7aa0\" data-element_type=\"container\" data-settings=\"{&quot;content_width&quot;:&quot;full&quot;}\">\n\t\t\t\t<div class=\"elementor-element elementor-element-d8b58fb elementor-widget elementor-widget-text-editor\" data-id=\"d8b58fb\" data-element_type=\"widget\" data-widget_type=\"text-editor.default\">\n\t\t\t\t<div class=\"elementor-widget-container\">\n\t\t\t\t\t\t\t<p><strong style=\"font-size: 18px;\">\u041c\u043e\u044f \u043e\u0441\u043d\u043e\u0432\u043d\u0430\u044f \u044e\u0440\u0438\u0434\u0438\u0447\u0435\u0441\u043a\u0430\u044f \u043f\u0440\u0430\u043a\u0442\u0438\u043a\u0430:<\/strong><\/p><ul><li style=\"font-size: 14px;\">\u0433\u0440\u0430\u0436\u0434\u0430\u043d\u0441\u043a\u043e\u0435 \u043f\u0440\u0430\u0432\u043e (\u0434\u043e\u0433\u043e\u0432\u043e\u0440\u044b, \u043d\u0430\u0441\u043b\u0435\u0434\u0441\u0442\u0432\u043e, \u0432\u043e\u0437\u043c\u0435\u0449\u0435\u043d\u0438\u0435 \u0443\u0431\u044b\u0442\u043a\u043e\u0432)<\/li><li style=\"font-size: 14px;\">\u0441\u0435\u043c\u0435\u0439\u043d\u043e\u0435 \u043f\u0440\u0430\u0432\u043e (\u0440\u0430\u0437\u0432\u043e\u0434, \u0434\u0435\u043b\u0430 \u043d\u0435\u0441\u043e\u0432\u0435\u0440\u0448\u0435\u043d\u043d\u043e\u043b\u0435\u0442\u043d\u0438\u0445, \u0441\u043e\u0432\u043c\u0435\u0441\u0442\u043d\u043e\u0435 \u0438\u043c\u0443\u0449\u0435\u0441\u0442\u0432\u043e \u0441\u0443\u043f\u0440\u0443\u0433\u043e\u0432)<\/li><li style=\"font-size: 14px;\">\u043f\u0440\u0430\u0432\u043e \u043d\u0435\u0434\u0432\u0438\u0436\u0438\u043c\u043e\u0441\u0442\u0438 (\u0432\u0441\u0435 \u0443\u0441\u043b\u0443\u0433\u0438, \u0441\u0432\u044f\u0437\u0430\u043d\u043d\u044b\u0435 \u0441 \u043f\u043e\u043a\u0443\u043f\u043a\u043e\u0439, \u043f\u0440\u043e\u0434\u0430\u0436\u0435\u0439 \u0438\u043b\u0438 \u0430\u0440\u0435\u043d\u0434\u043e\u0439)<\/li><li style=\"font-size: 14px;\">\u043a\u043e\u0440\u043f\u043e\u0440\u0430\u0442\u0438\u0432\u043d\u043e\u0435 \u043f\u0440\u0430\u0432\u043e (\u0441\u043e\u0437\u0434\u0430\u043d\u0438\u0435 \u043a\u043e\u043c\u043f\u0430\u043d\u0438\u0439, \u0432\u043d\u0435\u0441\u0435\u043d\u0438\u0435 \u0438\u0437\u043c\u0435\u043d\u0435\u043d\u0438\u0439 \u0432 \u043a\u043e\u043c\u043f\u0430\u043d\u0438\u0438)<\/li><li style=\"font-size: 14px;\">\u0434\u0435\u043b\u043e\u0432\u044b\u0435 \u043e\u0431\u044f\u0437\u0430\u0442\u0435\u043b\u044c\u0441\u0442\u0432\u0430 (\u043f\u043e\u0434\u0433\u043e\u0442\u043e\u0432\u043a\u0430, \u0440\u0430\u0441\u0441\u043c\u043e\u0442\u0440\u0435\u043d\u0438\u0435 \u0438 \u0430\u043d\u0430\u043b\u0438\u0437 \u0434\u0435\u043b\u043e\u0432\u044b\u0445 \u043a\u043e\u043d\u0442\u0440\u0430\u043a\u0442\u043e\u0432)<\/li><li style=\"font-size: 14px;\">\u0440\u0430\u0437\u0440\u0435\u0448\u0435\u043d\u0438\u0435 \u0441\u043f\u043e\u0440\u043e\u0432 (\u0441\u0443\u0434\u0435\u0431\u043d\u043e\u0435 \u0438 \u0432\u043d\u0435\u0441\u0443\u0434\u0435\u0431\u043d\u043e\u0435)<\/li><li style=\"font-size: 14px;\"><strong><a href=\"https:\/\/lwlaw.cz\/ru\/%d1%83%d1%81%d0%bb%d1%83%d0%b3%d0%b8\/\">\u0431\u043e\u043b\u044c\u0448\u0435 \u0438\u043d\u0444\u043e\u0440\u043c\u0430\u0446\u0438\u0438<\/a><\/strong><\/li><\/ul>\t\t\t\t\t\t<\/div>\n\t\t\t\t<\/div>\n\t\t\t\t<\/div>\n\t\t<div class=\"elementor-element elementor-element-6fcc59b e-con-full e-con\" data-id=\"6fcc59b\" data-element_type=\"container\" data-settings=\"{&quot;content_width&quot;:&quot;full&quot;}\">\n\t\t\t\t<div class=\"elementor-element elementor-element-77f5732 elementor-widget elementor-widget-text-editor\" data-id=\"77f5732\" data-element_type=\"widget\" data-widget_type=\"text-editor.default\">\n\t\t\t\t<div class=\"elementor-widget-container\">\n\t\t\t\t\t\t\t<p><b style=\"font-size: 18px;\">\u0411\u043e\u043b\u0435\u0435 \u043e\u0431\u043e \u043c\u043d\u0435:<\/b><\/p><p>\u25cf <a style=\"font-size: 14px;\" href=\"https:\/\/vyhledavac.cak.cz\/Contact\/Details\/51fb21a0-5b23-e711-80d5-00155d040b0c\">\u0427\u0435\u0448\u0441\u043a\u0430\u044f \u043a\u043e\u043b\u043b\u0435\u0433\u0438\u044f \u0430\u0434\u0432\u043e\u043a\u0430\u0442\u043e\u0432 (\u010cesk\u00e1 advok\u00e1tn\u00ed komora) <\/a><\/p><p><span style=\"font-size: 14px;\"><strong>\u25cf \u041d\u043e\u043c\u0435\u0440 \u0430\u0434\u0432\u043e\u043a\u0430\u0442\u0430<\/strong> <strong>(eviden\u010dn\u00ed \u010d\u00edslo \u010cAK):<\/strong> 17000<\/span><\/p><p><strong>\u25cf \u0418\u0434\u0435\u043d\u0442\u0438\u0444\u0438\u043a\u0430\u0446\u0438\u043e\u043d\u043d\u044b\u0439 \u043d\u043e\u043c\u0435\u0440 (I\u010cO):<\/strong> 05018927<\/p><p><strong>\u25cf<\/strong> <a href=\"https:\/\/www.linkedin.com\/in\/judr-ludmila-winkel-ll-m-4a467833\/\">LinkedIn \u043f\u0440\u043e\u0444\u0438\u043b\u044c<\/a><\/p>\t\t\t\t\t\t<\/div>\n\t\t\t\t<\/div>\n\t\t\t\t<\/div>\n\t\t\t\t\t<\/div>\n\t\t\t\t<\/div>\n\t\t\t\t\t\t\t<\/div>\n\t\t","protected":false},"excerpt":{"rendered":"<p>\u042f \u0437\u0430\u043d\u0438\u043c\u0430\u044e\u0441\u044c \u044e\u0440\u0438\u0434\u0438\u0447\u0435\u0441\u043a\u043e\u0439 \u043f\u0440\u0430\u043a\u0442\u0438\u043a\u043e\u0439 \u0441 2009 \u0433\u043e\u0434\u0430. \u041f\u0440\u0435\u0436\u0434\u0435 \u0447\u0435\u043c \u043d\u0430\u0447\u0430\u0442\u044c \u0441\u043e\u0431\u0441\u0442\u0432\u0435\u043d\u043d\u0443\u044e \u043f\u0440\u0430\u043a\u0442\u0438\u043a\u0443, \u043d\u0430 \u043f\u0440\u043e\u0442\u044f\u0436\u0435\u043d\u0438\u0438 \u0441\u0435\u043c\u0438 \u043b\u0435\u0442 \u044f \u0441\u043e\u0442\u0440\u0443\u0434\u043d\u0438\u0447\u0430\u043b\u0430 \u0441 HAVEL &amp; PARTNERS \u2013 \u043a\u0440\u0443\u043f\u043d\u0435\u0439\u0448\u0438\u043c \u0447\u0435\u0448\u0441\u043a\u043e-\u0441\u043b\u043e\u0432\u0430\u0446\u043a\u0438\u043c&hellip;<\/p>\n","protected":false},"author":1,"featured_media":0,"parent":0,"menu_order":0,"comment_status":"closed","ping_status":"closed","template":"","meta":[],"_links":{"self":[{"href":"https:\/\/lwlaw.cz\/ru\/wp-json\/wp\/v2\/pages\/3034"}],"collection":[{"href":"https:\/\/lwlaw.cz\/ru\/wp-json\/wp\/v2\/pages"}],"about":[{"href":"https:\/\/lwlaw.cz\/ru\/wp-json\/wp\/v2\/types\/page"}],"author":[{"embeddable":true,"href":"https:\/\/lwlaw.cz\/ru\/wp-json\/wp\/v2\/users\/1"}],"replies":[{"embeddable":true,"href":"https:\/\/lwlaw.cz\/ru\/wp-json\/wp\/v2\/comments?post=3034"}],"version-history":[{"count":10,"href":"https:\/\/lwlaw.cz\/ru\/wp-json\/wp\/v2\/pages\/3034\/revisions"}],"predecessor-version":[{"id":3586,"href":"https:\/\/lwlaw.cz\/ru\/wp-json\/wp\/v2\/pages\/3034\/revisions\/3586"}],"wp:attachment":[{"href":"https:\/\/lwlaw.cz\/ru\/wp-json\/wp\/v2\/media?parent=3034"}],"curies":[{"name":"wp","href":"https:\/\/api.w.org\/{rel}","templated":true}]}}