{"id":3466,"date":"2023-06-17T12:28:23","date_gmt":"2023-06-17T10:28:23","guid":{"rendered":"https:\/\/lwlaw.cz\/informacni-povinnost\/"},"modified":"2023-06-21T21:06:42","modified_gmt":"2023-06-21T19:06:42","slug":"informacni-povinnost","status":"publish","type":"page","link":"https:\/\/lwlaw.cz\/cs\/informacni-povinnost\/","title":{"rendered":"Informa\u010dn\u00ed povinnost"},"content":{"rendered":"\t\t<div data-elementor-type=\"wp-page\" data-elementor-id=\"3466\" class=\"elementor elementor-3466 elementor-3456\">\n\t\t\t\t\t\t\t<div class=\"elementor-element elementor-element-6ac9eaf e-con-boxed e-con\" data-id=\"6ac9eaf\" data-element_type=\"container\" data-settings=\"{&quot;content_width&quot;:&quot;boxed&quot;}\">\n\t\t\t\t\t<div class=\"e-con-inner\">\n\t\t\t\t<div class=\"elementor-element elementor-element-a76db66 elementor-widget elementor-widget-text-editor\" data-id=\"a76db66\" data-element_type=\"widget\" data-widget_type=\"text-editor.default\">\n\t\t\t\t<div class=\"elementor-widget-container\">\n\t\t\t<style>\/*! elementor - v3.12.2 - 23-04-2023 *\/\n.elementor-widget-text-editor.elementor-drop-cap-view-stacked .elementor-drop-cap{background-color:#69727d;color:#fff}.elementor-widget-text-editor.elementor-drop-cap-view-framed .elementor-drop-cap{color:#69727d;border:3px solid;background-color:transparent}.elementor-widget-text-editor:not(.elementor-drop-cap-view-default) .elementor-drop-cap{margin-top:8px}.elementor-widget-text-editor:not(.elementor-drop-cap-view-default) .elementor-drop-cap-letter{width:1em;height:1em}.elementor-widget-text-editor .elementor-drop-cap{float:left;text-align:center;line-height:1;font-size:50px}.elementor-widget-text-editor .elementor-drop-cap-letter{display:inline-block}<\/style>\t\t\t\t<p dir=\"ltr\" style=\"line-height: 1.38; text-align: center; margin-top: 12pt; margin-bottom: 12pt;\"><b>Pou\u010den\u00ed klienta dle z\u00e1kona \u010d. 253\/2008 Sb., o n\u011bkter\u00fdch opat\u0159en\u00edch proti legalizaci v\u00fdnos\u016f z trestn\u00e9 \u010dinnosti a financov\u00e1n\u00ed terorismu, ve zn\u011bn\u00ed pozd\u011bj\u0161\u00edch p\u0159edpis\u016f<\/b><\/p>\n<p><span style=\"font-weight: 400;\">Advok\u00e1t je povinnou osobou podle z\u00e1kona \u010d. 253\/2008 Sb., o n\u011bkter\u00fdch opat\u0159en\u00edch proti legalizaci v\u00fdnos\u016f z trestn\u00e9 \u010dinnosti a financov\u00e1n\u00ed terorismu, ve zn\u011bn\u00ed pozd\u011bj\u0161\u00edch p\u0159edpis\u016f, a dle tohoto z\u00e1kona je povinen prov\u00e1d\u011bt opat\u0159en\u00ed podle tohoto z\u00e1kona a dal\u0161\u00edch p\u0159edpis\u016f, mimo jin\u00e9 prov\u00e1d\u011bt identifikaci a kontrolu klienta. Za t\u00edmto \u00fa\u010delem je povinen shroma\u017e\u010fovat a uchov\u00e1vat osobn\u00ed \u00fadaje klienta a po\u0159izovat kopie doklad\u016f, z nich\u017e tyto \u00fadaje ov\u011b\u0159il.<\/span><\/p>\n<p><b>Povinn\u00e1 osoba pro \u00fa\u010dely pln\u011bn\u00ed povinnost\u00ed v oblasti AML<\/b><\/p>\n<p><span style=\"font-weight: 400;\">Jm\u00e9no: &nbsp; &nbsp; &nbsp; &nbsp; <\/span> <span style=\"font-weight: 400;\">&nbsp; &nbsp; &nbsp; <\/span><span style=\"font-weight: 400;\">JUDr. Ludmila Winkel, advok\u00e1tka<\/span><\/p>\n<p><span style=\"font-weight: 400;\">I\u010cO: &nbsp; &nbsp; &nbsp; &nbsp; &nbsp; &nbsp; <\/span> <span style=\"font-weight: 400;\">&nbsp; &nbsp; &nbsp; &nbsp; <\/span> <span style=\"font-weight: 400;\">05018927<\/span><\/p>\n<p><span style=\"font-weight: 400;\">Ev. \u010d. \u010cAK:&nbsp; <\/span> <span style=\"font-weight: 400;\">&nbsp; &nbsp; &nbsp; &nbsp; <\/span> <span style=\"font-weight: 400;\">17000<\/span><\/p>\n<p><span style=\"font-weight: 400;\">Dat. schr\u00e1nka: &nbsp; &nbsp;<\/span><span style=\"font-weight: 400;\">znxu985<\/span><\/p>\n<p><span style=\"font-weight: 400;\">Adresa: &nbsp; &nbsp; &nbsp; &nbsp; <\/span> <span style=\"font-weight: 400;\">&nbsp; &nbsp; &nbsp; <\/span><span style=\"font-weight: 400;\">Uruguaysk\u00e1 11, 120 00 Praha 2<\/span><\/p>\n<p><span style=\"font-weight: 400;\">E-mail: &nbsp; &nbsp; &nbsp; &nbsp; <\/span> <span style=\"font-weight: 400;\">&nbsp; &nbsp; &nbsp; &nbsp;<\/span><span style=\"font-weight: 400;\">ludmila.winkel@lwlaw.cz&nbsp;&nbsp;<\/span><\/p>\n<p><span style=\"font-weight: 400;\">Tel:&nbsp; &nbsp; &nbsp; &nbsp; &nbsp; &nbsp; &nbsp; <\/span> <span style=\"font-weight: 400;\">&nbsp; &nbsp; &nbsp; &nbsp;<\/span><span style=\"font-weight: 400;\">+420 604 233 882&nbsp;&nbsp;&nbsp;&nbsp;&nbsp;&nbsp;&nbsp;&nbsp;&nbsp;&nbsp;<\/span><\/p>\n<p><b>Rozsah zpracov\u00e1n\u00ed osobn\u00edch \u00fadaj\u016f<\/b><\/p>\n<p><span style=\"font-weight: 400;\">Zpracov\u00e1v\u00e1na jsou v\u0161echna <\/span><b>jm\u00e9na a p\u0159\u00edjmen\u00ed<\/b><span style=\"font-weight: 400;\">, <\/span><b>titul, rodn\u00e9 \u010d\u00edslo, datum narozen\u00ed, m\u00edsto narozen\u00ed a pohlav\u00ed, trval\u00fd nebo jin\u00fd pobyt a st\u00e1tn\u00ed ob\u010danstv\u00ed, povol\u00e1n\u00ed, \u010d\u00edslo pr\u016fkazu toto\u017enosti, fotografie z pr\u016fkazu toto\u017enosti<\/b><span style=\"font-weight: 400;\"> a <\/span><b>dal\u0161\u00ed \u00fadaje<\/b><span style=\"font-weight: 400;\"> obsa\u017een\u00e9 na pr\u016fkazu toto\u017enosti. V p\u0159\u00edpad\u011b podnikaj\u00edc\u00ed fyzick\u00e9 osoby pak d\u00e1le t\u00e9\u017e \u00fadaje o jej\u00ed <\/span><b>obchodn\u00ed firm\u011b<\/b><span style=\"font-weight: 400;\">, odli\u0161uj\u00edc\u00edm dodatku nebo dal\u0161\u00edm ozna\u010den\u00ed, <\/span><b>s\u00eddle a identifika\u010dn\u00edm \u010d\u00edsle osoby<\/b><span style=\"font-weight: 400;\">. Zpracov\u00e1v\u00e1ny mohou d\u00e1le b\u00fdt dal\u0161\u00ed <\/span><b>kontaktn\u00ed \u00fadaje<\/b><span style=\"font-weight: 400;\">, zejm\u00e9na telefonn\u00ed \u010d\u00edslo a emailov\u00e1 adresa, a dal\u0161\u00ed \u00fadaje z\u00edskan\u00e9 v r\u00e1mci kontroly a pr\u016fb\u011b\u017en\u00e9 kontroly klienta a pln\u011bn\u00ed dal\u0161\u00edch povinnost\u00ed dle AML z\u00e1kona. Osobn\u00ed \u00fadaje za shora uveden\u00fdm \u00fa\u010delem <\/span><b>mohou b\u00fdt shroma\u017e\u010fov\u00e1ny, mohou b\u00fdt po\u0159\u00edzeny kopie doklad\u016f, z nich\u017e byly \u00fadaje ov\u011b\u0159eny<\/b><span style=\"font-weight: 400;\">.<\/span><\/p>\n<p><b>\u00da\u010del zpracov\u00e1n\u00ed<\/b><\/p>\n<p><b>Pln\u011bn\u00ed z\u00e1konn\u00fdch povinnost\u00ed<\/b><span style=\"font-weight: 400;\"> v oblasti boje proti legalizaci v\u00fdnos\u016f z trestn\u00e9 \u010dinnosti a financov\u00e1n\u00ed terorismu.<\/span><\/p>\n<p><b>Pou\u010den\u00ed o p\u0159ed\u00e1v\u00e1n\u00ed osobn\u00edch \u00fadaj\u016f<\/b><\/p>\n<p><b>Osobn\u00ed \u00fadaje mohou b\u00fdt p\u0159ed\u00e1v\u00e1ny<\/b><span style=\"font-weight: 400;\"> za podm\u00ednek stanoven\u00fdch GDPR a z\u00e1konem \u010d. 253\/2008 Sb., o n\u011bkter\u00fdch opat\u0159en\u00edch proti legalizaci v\u00fdnos\u016f z trestn\u00e9 \u010dinnosti a financov\u00e1n\u00ed terorismu, ve zn\u011bn\u00ed pozd\u011bj\u0161\u00edch p\u0159edpis\u016f.<\/span><span style=\"font-weight: 400;\"><\/span><\/p>\n<p><\/p>\n<p><b>Doba zpracov\u00e1n\u00ed osobn\u00edch \u00fadaj\u016f<\/b><\/p>\n<p><span style=\"font-weight: 400;\">Osobn\u00ed \u00fadaje jsou zpracov\u00e1v\u00e1ny <\/span><b>po dobu deseti (10) let po ukon\u010den\u00ed smluvn\u00edho vztahu s klientem \u010di po ukon\u010den\u00ed poskytov\u00e1n\u00ed pr\u00e1vn\u00edch slu\u017eeb<\/b><span style=\"font-weight: 400;\">.<\/span><\/p>\n<p><b>Pr\u00e1va klienta<\/b><\/p>\n<p><span style=\"font-weight: 400;\">Klient m\u00e1 <\/span><b>pr\u00e1vo na p\u0159\u00edstup, opravu, omezen\u00ed a v\u00fdmaz zpracov\u00e1van\u00fdch \u00fadaj\u016f<\/b><span style=\"font-weight: 400;\"> v souladu s p\u0159\u00edslu\u0161n\u00fdmi pr\u00e1vn\u00edmi p\u0159edpisy, leda\u017ee by v konkr\u00e9tn\u00edm p\u0159\u00edpad\u011b odporovalo po\u017eadavk\u016fm pr\u00e1vn\u00edch p\u0159edpis\u016f, kter\u00fdmi je advok\u00e1t v\u00e1z\u00e1n.<\/span><\/p>\n<p dir=\"ltr\" style=\"line-height: 1.38; margin-top: 12pt; margin-bottom: 12pt;\"><b>Org\u00e1nem dozoru je v p\u0159\u00edpad\u011b povinnost\u00ed dle AML z\u00e1kona<\/b><span style=\"font-weight: 400;\"> p\u0159edev\u0161\u00edm <\/span><b>\u010cesk\u00e1 advok\u00e1tn\u00ed komora<\/b><span style=\"font-weight: 400;\"> a <\/span><b>Finan\u010dn\u00ed analytick\u00fd \u00fa\u0159ad<\/b><span style=\"font-weight: 400;\">.<\/span><span style=\"font-weight: 400;\"> Org\u00e1nem dozoru v oblasti ochrany osobn\u00edch \u00fadaj\u016f je \u00da\u0159ad pro ochranu osobn\u00edch \u00fadaj\u016f.<\/span><\/p>\t\t\t\t\t\t<\/div>\n\t\t\t\t<\/div>\n\t\t\t\t\t<\/div>\n\t\t\t\t<\/div>\n\t\t\t\t\t\t\t<\/div>\n\t\t","protected":false},"excerpt":{"rendered":"<p>Pou\u010den\u00ed klienta dle z\u00e1kona \u010d. 253\/2008 Sb., o n\u011bkter\u00fdch opat\u0159en\u00edch proti legalizaci v\u00fdnos\u016f z trestn\u00e9 \u010dinnosti a financov\u00e1n\u00ed terorismu, ve zn\u011bn\u00ed pozd\u011bj\u0161\u00edch p\u0159edpis\u016f Advok\u00e1t je&hellip;<\/p>\n","protected":false},"author":1,"featured_media":0,"parent":0,"menu_order":0,"comment_status":"closed","ping_status":"closed","template":"","meta":[],"_links":{"self":[{"href":"https:\/\/lwlaw.cz\/cs\/wp-json\/wp\/v2\/pages\/3466"}],"collection":[{"href":"https:\/\/lwlaw.cz\/cs\/wp-json\/wp\/v2\/pages"}],"about":[{"href":"https:\/\/lwlaw.cz\/cs\/wp-json\/wp\/v2\/types\/page"}],"author":[{"embeddable":true,"href":"https:\/\/lwlaw.cz\/cs\/wp-json\/wp\/v2\/users\/1"}],"replies":[{"embeddable":true,"href":"https:\/\/lwlaw.cz\/cs\/wp-json\/wp\/v2\/comments?post=3466"}],"version-history":[{"count":5,"href":"https:\/\/lwlaw.cz\/cs\/wp-json\/wp\/v2\/pages\/3466\/revisions"}],"predecessor-version":[{"id":3571,"href":"https:\/\/lwlaw.cz\/cs\/wp-json\/wp\/v2\/pages\/3466\/revisions\/3571"}],"wp:attachment":[{"href":"https:\/\/lwlaw.cz\/cs\/wp-json\/wp\/v2\/media?parent=3466"}],"curies":[{"name":"wp","href":"https:\/\/api.w.org\/{rel}","templated":true}]}}