{"id":3462,"date":"2023-06-16T19:15:18","date_gmt":"2023-06-16T17:15:18","guid":{"rendered":"https:\/\/lwlaw.cz\/prohlaseni-o-zpracovani-osobnich-udaju\/"},"modified":"2023-06-21T21:04:42","modified_gmt":"2023-06-21T19:04:42","slug":"prohlaseni-o-zpracovani-osobnich-udaju","status":"publish","type":"page","link":"https:\/\/lwlaw.cz\/cs\/prohlaseni-o-zpracovani-osobnich-udaju\/","title":{"rendered":"Prohl\u00e1\u0161en\u00ed o zpracov\u00e1n\u00ed osobn\u00edch \u00fadaj\u016f"},"content":{"rendered":"\t\t<div data-elementor-type=\"wp-page\" data-elementor-id=\"3462\" class=\"elementor elementor-3462 elementor-3351\">\n\t\t\t\t\t\t\t<div class=\"elementor-element elementor-element-db5b463 e-con-boxed e-con\" data-id=\"db5b463\" data-element_type=\"container\" data-settings=\"{&quot;content_width&quot;:&quot;boxed&quot;}\">\n\t\t\t\t\t<div class=\"e-con-inner\">\n\t\t\t\t<div class=\"elementor-element elementor-element-ca15b14 elementor-widget elementor-widget-text-editor\" data-id=\"ca15b14\" data-element_type=\"widget\" data-widget_type=\"text-editor.default\">\n\t\t\t\t<div class=\"elementor-widget-container\">\n\t\t\t<style>\/*! elementor - v3.12.2 - 23-04-2023 *\/\n.elementor-widget-text-editor.elementor-drop-cap-view-stacked .elementor-drop-cap{background-color:#69727d;color:#fff}.elementor-widget-text-editor.elementor-drop-cap-view-framed .elementor-drop-cap{color:#69727d;border:3px solid;background-color:transparent}.elementor-widget-text-editor:not(.elementor-drop-cap-view-default) .elementor-drop-cap{margin-top:8px}.elementor-widget-text-editor:not(.elementor-drop-cap-view-default) .elementor-drop-cap-letter{width:1em;height:1em}.elementor-widget-text-editor .elementor-drop-cap{float:left;text-align:center;line-height:1;font-size:50px}.elementor-widget-text-editor .elementor-drop-cap-letter{display:inline-block}<\/style>\t\t\t\t<p class=\"Bodytext3PRK\" style=\"margin-left: 0cm; text-align: center; text-indent: 0cm; mso-list: l0 level3 lfo1;\" align=\"center\"><b>Informace pro klienta p\u0159i p\u0159ijet\u00ed osobn\u00edch \u00fadaj\u016f advok\u00e1tem<\/b><\/p>\n<p><span style=\"font-weight: 400;\">Advok\u00e1t se jako\u017eto spr\u00e1vce osobn\u00edch \u00fadaj\u016f, kter\u00e9 mu budou na z\u00e1klad\u011b smlouvy s klientem poskytnuty, zavazuje, \u017ee bude tyto osobn\u00ed \u00fadaje zpracov\u00e1vat v souladu s pr\u00e1vn\u00edmi p\u0159edpisy, p\u0159edev\u0161\u00edm se z\u00e1konem \u010d. 85\/1996 Sb. (z\u00e1kon o advokacii) a Na\u0159\u00edzen\u00edm Evropsk\u00e9ho parlamentu a Rady (EU) 2016\/679 ze dne 27. dubna 2016 o ochran\u011b fyzick\u00fdch osob v souvislosti se zpracov\u00e1n\u00edm osobn\u00edch \u00fadaj\u016f a o voln\u00e9m pohybu t\u011bchto \u00fadaj\u016f a o zru\u0161en\u00ed sm\u011brnice 95\/46\/ES.<\/span><\/p>\n<p><b>Spr\u00e1vce osobn\u00edch \u00fadaj\u016f<\/b><\/p>\n<p><span style=\"font-weight: 400;\">Jm\u00e9no: &nbsp; &nbsp; &nbsp; &nbsp; <\/span> <span style=\"font-weight: 400;\">&nbsp; &nbsp; &nbsp; &nbsp; <\/span> <span style=\"font-weight: 400;\">JUDr. Ludmila Winkel, advok\u00e1tka<\/span><\/p>\n<p><span style=\"font-weight: 400;\">I\u010cO: &nbsp; &nbsp; &nbsp; &nbsp; &nbsp; &nbsp; <\/span> <span style=\"font-weight: 400;\">&nbsp; &nbsp; &nbsp; &nbsp; <\/span> <span style=\"font-weight: 400;\">05018927<\/span><\/p>\n<p><span style=\"font-weight: 400;\">Ev. \u010d. \u010cAK:&nbsp; <\/span> <span style=\"font-weight: 400;\">&nbsp; &nbsp; &nbsp; &nbsp; <\/span> <span style=\"font-weight: 400;\">17000<\/span><\/p>\n<p><span style=\"font-weight: 400;\">Dat. schr\u00e1nka: &nbsp; &nbsp; &nbsp; <\/span><span style=\"font-weight: 400;\">znxu985<\/span><\/p>\n<p><span style=\"font-weight: 400;\">Adresa: &nbsp; &nbsp; &nbsp; &nbsp; <\/span> <span style=\"font-weight: 400;\">&nbsp; &nbsp; &nbsp; &nbsp; <\/span> <span style=\"font-weight: 400;\">Uruguaysk\u00e1 11, 120 00 Praha 2<\/span><\/p>\n<p><span style=\"font-weight: 400;\">E-mail: &nbsp; &nbsp; &nbsp; &nbsp; <\/span> <span style=\"font-weight: 400;\">&nbsp; &nbsp; &nbsp; &nbsp; <\/span> <span style=\"font-weight: 400;\">ludmila.winkel@lwlaw.cz&nbsp;&nbsp;<\/span><\/p>\n<p><span style=\"font-weight: 400;\">Tel:&nbsp; &nbsp; &nbsp; &nbsp; &nbsp; &nbsp; &nbsp; <\/span> <span style=\"font-weight: 400;\">&nbsp; &nbsp; &nbsp; &nbsp; <\/span> <span style=\"font-weight: 400;\">+420 604 233 882&nbsp;&nbsp;&nbsp;&nbsp;&nbsp;&nbsp;&nbsp;&nbsp;&nbsp;&nbsp;<\/span><\/p>\n<p><b>Pr\u00e1vn\u00ed z\u00e1klad pro zpracov\u00e1n\u00ed<\/b><\/p>\n<ul>\n<li><span style=\"font-weight: 400;\"> &nbsp; &nbsp; &nbsp; <\/span><span style=\"font-weight: 400;\">Smlouva o poskytov\u00e1n\u00ed pr\u00e1vn\u00edch slu\u017eeb;<\/span><\/li>\n<li><span style=\"font-weight: 400;\"> &nbsp; &nbsp; &nbsp; <\/span><span style=\"font-weight: 400;\">Poskytov\u00e1n\u00ed osobn\u00edch \u00fadaj\u016f je povinnost\u00ed subjektu \u00fadaj\u016f \u2013 klienta (d\u00e1le jen &#8222;<\/span><b>klient<\/b><span style=\"font-weight: 400;\">&#8222;), kter\u00e1 vypl\u00fdv\u00e1 z v\u00fd\u0161e zm\u00edn\u011bn\u00e9 smlouvy;<\/span><\/li>\n<li><span style=\"font-weight: 400;\"> &nbsp; &nbsp; &nbsp; <\/span><span style=\"font-weight: 400;\">Rozsah zpracov\u00e1n\u00ed osobn\u00edch \u00fadaj\u016f je opr\u00e1vn\u011bn\u00fd a nezbytn\u00fd rozsah pro poskytov\u00e1n\u00ed pr\u00e1vn\u00edch slu\u017eeb klientovi.<\/span><\/li>\n<\/ul>\n<p><b><br><\/b><\/p><p><b>\u00da\u010del zpracov\u00e1n\u00ed<\/b><\/p>\n<p><span style=\"font-weight: 400;\">Poskytov\u00e1n\u00ed pr\u00e1vn\u00edch slu\u017eeb podle smlouvy uzav\u0159en\u00e9 s klientem.<\/span><\/p>\n<p><b>P\u0159\u00edjemci osobn\u00edch \u00fadaj\u016f<\/b><\/p>\n<ul>\n<li><span style=\"font-weight: 400;\"> &nbsp; &nbsp; &nbsp; <\/span><span style=\"font-weight: 400;\">Org\u00e1ny ve\u0159ejn\u00e9 moci (nap\u0159. soudy, spr\u00e1vn\u00ed org\u00e1ny);<\/span><\/li>\n<li><span style=\"font-weight: 400;\"> &nbsp; &nbsp; &nbsp; <\/span><span style=\"font-weight: 400;\">Poskytovatel\u00e9 \u00fadr\u017eby informa\u010dn\u00edho syst\u00e9mu;<\/span><\/li>\n<li><span style=\"font-weight: 400;\"> &nbsp; &nbsp; &nbsp; <\/span><span style=\"font-weight: 400;\">Dal\u0161\u00ed p\u0159\u00edjemci dle pot\u0159eb a pokyn\u016f klienta.<\/span><\/li>\n<\/ul>\n<p><b style=\"font-size: 14px; color: var( --e-global-color-text ); text-align: var(--text-align);\"><br><\/b><\/p><p><b style=\"font-size: 14px; color: var( --e-global-color-text ); text-align: var(--text-align);\">Doba zpracov\u00e1n\u00ed osobn\u00edch \u00fadaj\u016f<\/b><br><\/p>\n<p><span style=\"font-weight: 400;\">Osobn\u00ed \u00fadaje budou zpracov\u00e1v\u00e1ny po celou dobu poskytov\u00e1n\u00ed pr\u00e1vn\u00edch slu\u017eeb \/ po celou dobu trv\u00e1n\u00ed smluvn\u00edho vztahu mezi mnou jako advok\u00e1tem a klientem; a to i po ur\u010ditou dobu po jej\u00edm skon\u010den\u00ed. Osobn\u00ed \u00fadaje pot\u0159ebn\u00e9 k ochran\u011b pr\u00e1va advok\u00e1ta a \u00fadaje nezbytn\u00e9 ke spln\u011bn\u00ed z\u00e1konn\u00fdch povinnost\u00ed advok\u00e1ta budou zpracov\u00e1v\u00e1ny po dobu stanovenou v jednotliv\u00fdch pr\u00e1vn\u00edch p\u0159edpisech \u2013 upravuj\u00edc\u00edch z\u00e1konnou proml\u010dec\u00ed lh\u016ftu, p\u0159edpisech upravuj\u00edc\u00edch dan\u011b a \u00fa\u010detnictv\u00ed; a AML p\u0159edpisech.<\/span><\/p>\n<p><span style=\"font-weight: 400;\">Po skon\u010den\u00ed trv\u00e1n\u00ed smluvn\u00edho vztahu mezi mnou jako advok\u00e1tem a klientem bude s osobn\u00edmi \u00fadaji nalo\u017eeno dle platn\u00e9 pr\u00e1vn\u00ed \u00fapravy, zejm. z\u00e1kona \u010d. 85\/1996 Sb. (z\u00e1kon o advokacii), z\u00e1kona \u010d. 499\/2004 Sb. (z\u00e1kon o archivnictv\u00ed a spisov\u00e9 slu\u017eb\u011b a o zm\u011bn\u011b n\u011bkter\u00fdch z\u00e1kon\u016f) a Na\u0159\u00edzen\u00ed Evropsk\u00e9ho parlamentu a Rady (EU) 2016\/679 ze dne 27. dubna 2016 o ochran\u011b fyzick\u00fdch osob v souvislosti se zpracov\u00e1n\u00edm osobn\u00edch \u00fadaj\u016f a o voln\u00e9m pohybu t\u011bchto \u00fadaj\u016f a o zru\u0161en\u00ed sm\u011brnice 95\/46\/ES (Na\u0159\u00edzen\u00ed GDPR).<\/span><\/p>\n<p><b>Pr\u00e1va klienta<\/b><\/p>\n<p><b>Pr\u00e1vo na p\u0159\u00edstup<\/b><span style=\"font-weight: 400;\"> k osobn\u00edm \u00fadaj\u016fm znamen\u00e1, \u017ee klient m\u00e1 pr\u00e1vo od spr\u00e1vce \u2013 advok\u00e1ta z\u00edskat informace o tom, zda zpracov\u00e1v\u00e1 jeho osobn\u00ed \u00fadaje, a pokud ano, o jak\u00e9 \u00fadaje se jedn\u00e1 a jak\u00fdm zp\u016fsobem jsou zpracov\u00e1v\u00e1ny. Klient m\u00e1 tak\u00e9 <\/span><b>pr\u00e1vo, aby<\/b> <b>spr\u00e1vce-advok\u00e1t<\/b><span style=\"font-weight: 400;\"> bez zbyte\u010dn\u00e9ho odkladu <\/span><b>opravil na jeho \u017e\u00e1dost nep\u0159esn\u00e9 osobn\u00ed \u00fadaje<\/b><span style=\"font-weight: 400;\">, kter\u00e9 se ho t\u00fdkaj\u00ed. <\/span><b>Ne\u00fapln\u00e9 osobn\u00ed \u00fadaje m\u00e1 klient pr\u00e1vo kdykoli doplnit<\/b><span style=\"font-weight: 400;\">.<\/span><\/p>\n<p><b>Pr\u00e1vo na v\u00fdmaz<\/b><span style=\"font-weight: 400;\"> osobn\u00edch \u00fadaj\u016f p\u0159edstavuje jin\u00fdmi slovy vyj\u00e1d\u0159enou povinnost spr\u00e1vce \u2013 advok\u00e1ta zlikvidovat osobn\u00ed \u00fadaje, kter\u00e9 o klientovi zpracov\u00e1v\u00e1, pokud jsou spln\u011bny ur\u010dit\u00e9 podm\u00ednky a klient o to po\u017e\u00e1d\u00e1.<\/span><\/p>\n<p><span style=\"font-weight: 400;\">Klient m\u00e1 <\/span><b>pr\u00e1vo, aby spr\u00e1vce<\/b><span style=\"font-weight: 400;\"> \u2013 advok\u00e1t v ur\u010dit\u00fdch p\u0159\u00edpadech <\/span><b>omezil zpracov\u00e1n\u00ed<\/b><span style=\"font-weight: 400;\"> jeho osobn\u00edch \u00fadaj\u016f. Proti zpracov\u00e1n\u00ed, kter\u00e9 je zalo\u017eeno na opr\u00e1vn\u011bn\u00fdch z\u00e1jmech spr\u00e1vce \u2013 advok\u00e1ta, t\u0159et\u00ed strany nebo je nezbytn\u00e9 pro spln\u011bn\u00ed \u00fakolu prov\u00e1d\u011bn\u00e9ho ve ve\u0159ejn\u00e9m z\u00e1jmu nebo p\u0159i v\u00fdkonu ve\u0159ejn\u00e9 moci, m\u00e1 klient <\/span><b>pr\u00e1vo<\/b><span style=\"font-weight: 400;\"> kdykoli <\/span><b>vzn\u00e9st n\u00e1mitku<\/b><span style=\"font-weight: 400;\">.<\/span><\/p>\n<p><b>Pr\u00e1vo na p\u0159enositelnost<\/b><span style=\"font-weight: 400;\"> \u00fadaj\u016f d\u00e1v\u00e1 klientovi mo\u017enost z\u00edskat osobn\u00ed \u00fadaje, kter\u00e9 spr\u00e1vci poskytl, v b\u011b\u017en\u00e9m a strojov\u011b \u010diteln\u00e9m form\u00e1tu. Tyto \u00fadaje m\u016f\u017ee n\u00e1sledn\u011b p\u0159edat jin\u00e9mu spr\u00e1vci, nebo pokud je to technicky mo\u017en\u00e9, \u017e\u00e1dat, aby si je spr\u00e1vci p\u0159edali mezi sebou.<\/span><\/p>\n<p><span style=\"font-weight: 400;\">Pr\u00e1vo kdykoli odvolat souhlas se zpracov\u00e1n\u00edm osobn\u00edch \u00fadaj\u016f se neuplatn\u00ed, jeliko\u017e osobn\u00ed \u00fadaje klienta jsou zpracov\u00e1v\u00e1ny z d\u016fvodu pln\u011bn\u00ed smlouvy uzav\u0159en\u00e9 s klientem, nikoli na z\u00e1klad\u011b souhlasu se zpracov\u00e1n\u00edm.<\/span><\/p>\n<p><span style=\"font-weight: 400;\">V p\u0159\u00edpad\u011b, \u017ee bude klient jakkoli nespokojen se zpracov\u00e1n\u00edm sv\u00fdch osobn\u00edch \u00fadaj\u016f prov\u00e1d\u011bn\u00e9 spr\u00e1vcem \u2013 advok\u00e1tem, m\u016f\u017ee podat st\u00ed\u017enost p\u0159\u00edmo jemu, nebo <\/span><b>se obr\u00e1tit na \u00da\u0159ad pro ochranu osobn\u00edch \u00fadaj\u016f.<\/b><\/p>\n<p><span style=\"font-weight: 400;\">V\u00edce informac\u00ed o pr\u00e1vech klienta je k dispozici na internetov\u00fdch str\u00e1nk\u00e1ch \u00da\u0159adu pro ochranu osobn\u00edch \u00fadaj\u016f zde:&nbsp;<\/span><a href=\"https:\/\/www.uoou.cz\/6-prava-subjektu-udaj\/d-27276\" style=\"font-size: 14px; text-align: var(--text-align); background-color: rgb(255, 255, 255);\">https:\/\/www.uoou.cz\/6-prava-subjektu-udaj\/d-27276<\/a><\/p>\n<p class=\"MsoNormal\" style=\"margin-bottom: 0cm; line-height: normal;\"><span lang=\"EN-US\">&nbsp;<\/span><\/p>\t\t\t\t\t\t<\/div>\n\t\t\t\t<\/div>\n\t\t\t\t\t<\/div>\n\t\t\t\t<\/div>\n\t\t\t\t\t\t\t<\/div>\n\t\t","protected":false},"excerpt":{"rendered":"<p>Informace pro klienta p\u0159i p\u0159ijet\u00ed osobn\u00edch \u00fadaj\u016f advok\u00e1tem Advok\u00e1t se jako\u017eto spr\u00e1vce osobn\u00edch \u00fadaj\u016f, kter\u00e9 mu budou na z\u00e1klad\u011b smlouvy s klientem poskytnuty, zavazuje, \u017ee&hellip;<\/p>\n","protected":false},"author":1,"featured_media":0,"parent":0,"menu_order":0,"comment_status":"closed","ping_status":"closed","template":"","meta":[],"_links":{"self":[{"href":"https:\/\/lwlaw.cz\/cs\/wp-json\/wp\/v2\/pages\/3462"}],"collection":[{"href":"https:\/\/lwlaw.cz\/cs\/wp-json\/wp\/v2\/pages"}],"about":[{"href":"https:\/\/lwlaw.cz\/cs\/wp-json\/wp\/v2\/types\/page"}],"author":[{"embeddable":true,"href":"https:\/\/lwlaw.cz\/cs\/wp-json\/wp\/v2\/users\/1"}],"replies":[{"embeddable":true,"href":"https:\/\/lwlaw.cz\/cs\/wp-json\/wp\/v2\/comments?post=3462"}],"version-history":[{"count":4,"href":"https:\/\/lwlaw.cz\/cs\/wp-json\/wp\/v2\/pages\/3462\/revisions"}],"predecessor-version":[{"id":3510,"href":"https:\/\/lwlaw.cz\/cs\/wp-json\/wp\/v2\/pages\/3462\/revisions\/3510"}],"wp:attachment":[{"href":"https:\/\/lwlaw.cz\/cs\/wp-json\/wp\/v2\/media?parent=3462"}],"curies":[{"name":"wp","href":"https:\/\/api.w.org\/{rel}","templated":true}]}}