{"id":3286,"date":"2023-06-06T23:14:16","date_gmt":"2023-06-06T21:14:16","guid":{"rendered":"https:\/\/lwlaw.cz\/ochrana-osobnich-udaju-informacni-povinnost\/"},"modified":"2023-06-22T21:01:36","modified_gmt":"2023-06-22T19:01:36","slug":"ochrana-osobnich-udaju-informacni-povinnost","status":"publish","type":"page","link":"https:\/\/lwlaw.cz\/cs\/ochrana-osobnich-udaju-informacni-povinnost\/","title":{"rendered":"Ochrana osobn\u00edch \u00fadaj\u016f &#038; informa\u010dn\u00ed povinnost"},"content":{"rendered":"\t\t<div data-elementor-type=\"wp-page\" data-elementor-id=\"3286\" class=\"elementor elementor-3286 elementor-3280\">\n\t\t\t\t\t\t\t<div class=\"elementor-element elementor-element-800a3ed e-con-boxed e-con\" data-id=\"800a3ed\" data-element_type=\"container\" data-settings=\"{&quot;content_width&quot;:&quot;boxed&quot;}\">\n\t\t\t\t\t<div class=\"e-con-inner\">\n\t\t\t\t<div class=\"elementor-element elementor-element-12ef80f elementor-widget elementor-widget-text-editor\" data-id=\"12ef80f\" data-element_type=\"widget\" data-widget_type=\"text-editor.default\">\n\t\t\t\t<div class=\"elementor-widget-container\">\n\t\t\t<style>\/*! elementor - v3.12.2 - 23-04-2023 *\/\n.elementor-widget-text-editor.elementor-drop-cap-view-stacked .elementor-drop-cap{background-color:#69727d;color:#fff}.elementor-widget-text-editor.elementor-drop-cap-view-framed .elementor-drop-cap{color:#69727d;border:3px solid;background-color:transparent}.elementor-widget-text-editor:not(.elementor-drop-cap-view-default) .elementor-drop-cap{margin-top:8px}.elementor-widget-text-editor:not(.elementor-drop-cap-view-default) .elementor-drop-cap-letter{width:1em;height:1em}.elementor-widget-text-editor .elementor-drop-cap{float:left;text-align:center;line-height:1;font-size:50px}.elementor-widget-text-editor .elementor-drop-cap-letter{display:inline-block}<\/style>\t\t\t\t<p><span style=\"font-weight: 400;\">Osobn\u00ed \u00fadaje sv\u00fdch klient\u016f zpracov\u00e1v\u00e1m v souladu s Prohl\u00e1\u0161en\u00edm o zpracov\u00e1n\u00ed osobn\u00edch \u00fadaj\u016f dle Na\u0159\u00edzen\u00ed Evropsk\u00e9ho parlamentu a Rady (EU) 2016\/679 ze dne 27. dubna 2016 o ochran\u011b fyzick\u00fdch osob v souvislosti se zpracov\u00e1n\u00edm osobn\u00edch \u00fadaj\u016f a o voln\u00e9m pohybu t\u011bchto \u00fadaj\u016f a o zru\u0161en\u00ed sm\u011brnice 95\/46\/ (d\u00e1le jen \u201e<\/span><b>GDPR<\/b><span style=\"font-weight: 400;\">&#8222;). <\/span><a href=\"https:\/\/lwlaw.cz\/cs\/prohlaseni-o-zpracovani-osobnich-udaju\/\" rel=\"noopener\"><span style=\"font-weight: 400;\">V\u00edce informac\u00ed zde<\/span><\/a><\/p><p><span style=\"font-weight: 400;\">D\u00e1le jsem povinna prov\u00e1d\u011bt opat\u0159en\u00ed dle platn\u00fdch p\u0159edpis\u016f, v\u010detn\u011b z\u00e1kona \u010d. 253\/2008 Sb., o n\u011bkter\u00fdch opat\u0159en\u00edch proti legalizaci v\u00fdnos\u016f z trestn\u00e9 \u010dinnosti a financov\u00e1n\u00ed terorismu, ve zn\u011bn\u00ed pozd\u011bj\u0161\u00edch p\u0159edpis\u016f. Mus\u00edm proto prov\u00e9st \u00faplnou identifikaci a ov\u011b\u0159en\u00ed klienta a shroma\u017e\u010fovat a uchov\u00e1vat osobn\u00ed \u00fadaje klienta a po\u0159izovat kopie poskytnut\u00fdch dokument\u016f. S ohledem na tuto povinnost je ka\u017ed\u00fd klient povinen mi poskytnout ve\u0161kerou sou\u010dinnost nezbytnou ke spln\u011bn\u00ed v\u00fd\u0161e uveden\u00e9 povinnosti, v\u010detn\u011b povinnosti identifikovat klienta, jeho akcion\u00e1\u0159e\/\u010dleny\/\u00fa\u010dastn\u00edky, jeho statut\u00e1rn\u00ed org\u00e1ny a jejich \u010dleny. <\/span><a href=\"https:\/\/lwlaw.cz\/cs\/informacni-povinnost\/\" rel=\"noopener\"><span style=\"font-weight: 400;\">V\u00edce informac\u00ed zde<\/span><\/a><\/p><p><span style=\"font-weight: 400;\">Jako advok\u00e1t se zavazuji nesd\u011blovat \u017e\u00e1dn\u00e9 informace d\u016fv\u011brn\u00e9 povahy, t\u00fdkaj\u00edc\u00ed se klienta, kter\u00e9 jsem z\u00edskal v souvislosti s poskytov\u00e1n\u00edm pr\u00e1vn\u00edch slu\u017eeb, tuto povinnost vypl\u00fdvaj\u00edc\u00ed z p\u0159\u00edslu\u0161n\u00fdch pr\u00e1vn\u00edch p\u0159edpis\u016f, jako\u017e i profesn\u00edch p\u0159edpis\u016f vztahuj\u00edc\u00edch se na v\u00fdkon advokacie a poskytov\u00e1n\u00ed pr\u00e1vn\u00edch slu\u017eeb.<\/span><\/p><p><span style=\"font-weight: 400;\">Vyhrazuji si rovn\u011b\u017e pr\u00e1vo uv\u00e9st jm\u00e9no \/n\u00e1zev klienta a stru\u010dnou charakteristiku uskute\u010dn\u011bn\u00fdch obchod\u016f, v souvislosti, s nimi\u017e jsem klientovi poskytla pr\u00e1vn\u00ed slu\u017eby, v marketingov\u00e9 dokumentaci, kter\u00e1 je nebo bude pou\u017eita pro referen\u010dn\u00ed, marketingov\u00e9 a jin\u00e9 podobn\u00e9 \u00fa\u010dely.<\/span><\/p>\t\t\t\t\t\t<\/div>\n\t\t\t\t<\/div>\n\t\t\t\t\t<\/div>\n\t\t\t\t<\/div>\n\t\t\t\t\t\t\t<\/div>\n\t\t","protected":false},"excerpt":{"rendered":"<p>Osobn\u00ed \u00fadaje sv\u00fdch klient\u016f zpracov\u00e1v\u00e1m v souladu s Prohl\u00e1\u0161en\u00edm o zpracov\u00e1n\u00ed osobn\u00edch \u00fadaj\u016f dle Na\u0159\u00edzen\u00ed Evropsk\u00e9ho parlamentu a Rady (EU) 2016\/679 ze dne 27. dubna&hellip;<\/p>\n","protected":false},"author":1,"featured_media":0,"parent":0,"menu_order":0,"comment_status":"closed","ping_status":"closed","template":"","meta":[],"_links":{"self":[{"href":"https:\/\/lwlaw.cz\/cs\/wp-json\/wp\/v2\/pages\/3286"}],"collection":[{"href":"https:\/\/lwlaw.cz\/cs\/wp-json\/wp\/v2\/pages"}],"about":[{"href":"https:\/\/lwlaw.cz\/cs\/wp-json\/wp\/v2\/types\/page"}],"author":[{"embeddable":true,"href":"https:\/\/lwlaw.cz\/cs\/wp-json\/wp\/v2\/users\/1"}],"replies":[{"embeddable":true,"href":"https:\/\/lwlaw.cz\/cs\/wp-json\/wp\/v2\/comments?post=3286"}],"version-history":[{"count":19,"href":"https:\/\/lwlaw.cz\/cs\/wp-json\/wp\/v2\/pages\/3286\/revisions"}],"predecessor-version":[{"id":3569,"href":"https:\/\/lwlaw.cz\/cs\/wp-json\/wp\/v2\/pages\/3286\/revisions\/3569"}],"wp:attachment":[{"href":"https:\/\/lwlaw.cz\/cs\/wp-json\/wp\/v2\/media?parent=3286"}],"curies":[{"name":"wp","href":"https:\/\/api.w.org\/{rel}","templated":true}]}}