{"id":3028,"date":"2023-02-26T18:01:34","date_gmt":"2023-02-26T16:01:34","guid":{"rendered":"https:\/\/lwlaw.cz\/clanky\/"},"modified":"2024-03-05T22:46:20","modified_gmt":"2024-03-05T20:46:20","slug":"clanky","status":"publish","type":"page","link":"https:\/\/lwlaw.cz\/cs\/clanky\/","title":{"rendered":"\u010cl\u00e1nky"},"content":{"rendered":"\t\t<div data-elementor-type=\"wp-page\" data-elementor-id=\"3028\" class=\"elementor elementor-3028 elementor-235\">\n\t\t\t\t\t\t\t<div class=\"elementor-element elementor-element-557cf2a e-con-boxed e-con\" data-id=\"557cf2a\" data-element_type=\"container\" data-settings=\"{&quot;content_width&quot;:&quot;boxed&quot;}\">\n\t\t\t\t\t<div class=\"e-con-inner\">\n\t\t<div class=\"elementor-element elementor-element-64501a2 e-con-full e-con\" data-id=\"64501a2\" data-element_type=\"container\" data-settings=\"{&quot;content_width&quot;:&quot;full&quot;}\">\n\t\t<div class=\"elementor-element elementor-element-8cb31ab e-con-boxed e-con\" data-id=\"8cb31ab\" data-element_type=\"container\" data-settings=\"{&quot;content_width&quot;:&quot;boxed&quot;}\">\n\t\t\t\t\t<div class=\"e-con-inner\">\n\t\t\t\t<div class=\"elementor-element elementor-element-4a0f465 elementor-widget elementor-widget-text-editor\" data-id=\"4a0f465\" data-element_type=\"widget\" data-widget_type=\"text-editor.default\">\n\t\t\t\t<div class=\"elementor-widget-container\">\n\t\t\t<style>\/*! elementor - v3.12.2 - 23-04-2023 *\/\n.elementor-widget-text-editor.elementor-drop-cap-view-stacked .elementor-drop-cap{background-color:#69727d;color:#fff}.elementor-widget-text-editor.elementor-drop-cap-view-framed .elementor-drop-cap{color:#69727d;border:3px solid;background-color:transparent}.elementor-widget-text-editor:not(.elementor-drop-cap-view-default) .elementor-drop-cap{margin-top:8px}.elementor-widget-text-editor:not(.elementor-drop-cap-view-default) .elementor-drop-cap-letter{width:1em;height:1em}.elementor-widget-text-editor .elementor-drop-cap{float:left;text-align:center;line-height:1;font-size:50px}.elementor-widget-text-editor .elementor-drop-cap-letter{display:inline-block}<\/style>\t\t\t\t<p><span style=\"color: rgba(0, 0, 0, 0.9); font-family: -apple-system, system-ui, BlinkMacSystemFont, 'Segoe UI', Roboto, 'Helvetica Neue', 'Fira Sans', Ubuntu, Oxygen, 'Oxygen Sans', Cantarell, 'Droid Sans', 'Apple Color Emoji', 'Segoe UI Emoji', 'Segoe UI Emoji', 'Segoe UI Symbol', 'Lucida Grande', Helvetica, Arial, sans-serif; font-size: 14px; letter-spacing: normal;\"><img decoding=\"async\" loading=\"lazy\" class=\"wp-image-2925 aligncenter\" src=\"https:\/\/lwlaw.cz\/wp-content\/uploads\/2023\/05\/law-scale-300x300.png\" alt=\"\" width=\"109\" height=\"109\" srcset=\"https:\/\/lwlaw.cz\/wp-content\/uploads\/2023\/05\/law-scale-300x300.png 300w, https:\/\/lwlaw.cz\/wp-content\/uploads\/2023\/05\/law-scale-150x150.png 150w, https:\/\/lwlaw.cz\/wp-content\/uploads\/2023\/05\/elementor\/thumbs\/law-scale-q5to1xwaz95rh1aq9onvrp6iwqeje9rn4qfwm2eze4.png 30w, https:\/\/lwlaw.cz\/wp-content\/uploads\/2023\/05\/elementor\/thumbs\/law-scale-q5to1xwb80x1smxh5gu46wy7478v4mesb3cxucifec.png 50w, https:\/\/lwlaw.cz\/wp-content\/uploads\/2023\/05\/elementor\/thumbs\/law-scale-q5to1xwb5tz87qisfisk340a2c1a71900i4oj9zkea.png 45w, https:\/\/lwlaw.cz\/wp-content\/uploads\/2023\/05\/law-scale.png 512w\" sizes=\"(max-width: 109px) 100vw, 109px\" \/><b><\/b><\/span><\/p><p><span style=\"color: rgba(0, 0, 0, 0.9); font-family: -apple-system, system-ui, BlinkMacSystemFont, 'Segoe UI', Roboto, 'Helvetica Neue', 'Fira Sans', Ubuntu, Oxygen, 'Oxygen Sans', Cantarell, 'Droid Sans', 'Apple Color Emoji', 'Segoe UI Emoji', 'Segoe UI Emoji', 'Segoe UI Symbol', 'Lucida Grande', Helvetica, Arial, sans-serif; font-size: 14px; letter-spacing: normal;\"><b>Spole\u010dn\u00fd n\u00e1jem bytu nebo domu k \u00fa\u010del\u016fm bydlen\u00ed n\u011bkolika osobami je v dne\u0161n\u00ed dob\u011b jeden z nejv\u00edce vyu\u017e\u00edvan\u00fdch pr\u00e1vn\u00edch institut\u016f v b\u011b\u017en\u00e9m \u017eivot\u011b, av\u0161ak o obsahu tohoto institutu se moc nev\u00ed. Zejm\u00e9na pak ot\u00e1zka ukon\u010den\u00ed n\u00e1jemn\u00edho vztahu (nap\u0159\u00edklad v\u00fdpov\u011bd\u00ed) ze strany pouze jednoho ze spole\u010dn\u00fdch n\u00e1jemc\u016f, b\u00fdv\u00e1 nej\u010dast\u011bj\u0161\u00edm probl\u00e9mem v praxi. Toto m\u011b vedlo k seps\u00e1n\u00ed kr\u00e1tk\u00e9ho shrnut\u00ed k obsahu spole\u010dn\u00e9ho n\u00e1jmu:<\/b><\/span><\/p><p><span style=\"box-sizing: inherit; margin: var(--artdeco-reset-base-margin-zero); padding: var(--artdeco-reset-base-padding-zero); border: var(--artdeco-reset-base-border-zero); font-size: 14px; vertical-align: var(--artdeco-reset-base-vertical-align-baseline); outline: var(--artdeco-reset-base-outline-zero); color: rgba(0, 0, 0, 0.9); font-family: -apple-system, system-ui, BlinkMacSystemFont, 'Segoe UI', Roboto, 'Helvetica Neue', 'Fira Sans', Ubuntu, Oxygen, 'Oxygen Sans', Cantarell, 'Droid Sans', 'Apple Color Emoji', 'Segoe UI Emoji', 'Segoe UI Emoji', 'Segoe UI Symbol', 'Lucida Grande', Helvetica, Arial, sans-serif; letter-spacing: normal; white-space: pre !important; line-height: inherit !important;\">\u00a0<\/span><\/p>\t\t\t\t\t\t<\/div>\n\t\t\t\t<\/div>\n\t\t\t\t\t<\/div>\n\t\t\t\t<\/div>\n\t\t\t\t<\/div>\n\t\t<div class=\"elementor-element elementor-element-9ff7d15 e-con-full e-con\" data-id=\"9ff7d15\" data-element_type=\"container\" data-settings=\"{&quot;content_width&quot;:&quot;full&quot;}\">\n\t\t<div class=\"elementor-element elementor-element-21d9fd7 e-con-full e-con\" data-id=\"21d9fd7\" data-element_type=\"container\" data-settings=\"{&quot;content_width&quot;:&quot;full&quot;}\">\n\t\t\t\t<div class=\"elementor-element elementor-element-87f294a elementor-widget elementor-widget-text-editor\" data-id=\"87f294a\" data-element_type=\"widget\" data-widget_type=\"text-editor.default\">\n\t\t\t\t<div class=\"elementor-widget-container\">\n\t\t\t\t\t\t\t<p><span style=\"color: rgba(0, 0, 0, 0.9); font-family: -apple-system, system-ui, BlinkMacSystemFont, 'Segoe UI', Roboto, 'Helvetica Neue', 'Fira Sans', Ubuntu, Oxygen, 'Oxygen Sans', Cantarell, 'Droid Sans', 'Apple Color Emoji', 'Segoe UI Emoji', 'Segoe UI Emoji', 'Segoe UI Symbol', 'Lucida Grande', Helvetica, Arial, sans-serif; font-size: 14px; letter-spacing: normal;\"><img decoding=\"async\" loading=\"lazy\" class=\"aligncenter\" src=\"https:\/\/lwlaw.cz\/wp-content\/uploads\/2023\/05\/law-scale-300x300.png\" width=\"109\" height=\"109\" \/><\/span><\/p><p><strong><span style=\"color: #050505; font-family: 'Segoe UI Historic', 'Segoe UI', Helvetica, Arial, sans-serif; font-size: 15px; letter-spacing: normal; white-space-collapse: preserve;\">Doporu\u010duji p\u0159e\u010d\u00edst m\u016fj dal\u0161\u00ed \u010dl\u00e1nek k mo\u017enostem z\u0159\u00edzen\u00ed v\u011bcn\u00e9ho pr\u00e1va jin\u00e9ho ne\u017e pr\u00e1va z\u00e1stavn\u00edho k akci\u00edm po 1. 1. 2021:<\/span><\/strong><\/p><p><span style=\"color: #050505; font-family: 'Segoe UI Historic', 'Segoe UI', Helvetica, Arial, sans-serif; font-size: 15px; letter-spacing: normal; white-space-collapse: preserve;\">\u00a0<\/span><\/p>\t\t\t\t\t\t<\/div>\n\t\t\t\t<\/div>\n\t\t\t\t<\/div>\n\t\t\t\t<\/div>\n\t\t<div class=\"elementor-element elementor-element-64a0eba e-con-full e-con\" data-id=\"64a0eba\" data-element_type=\"container\" data-settings=\"{&quot;content_width&quot;:&quot;full&quot;}\">\n\t\t<div class=\"elementor-element elementor-element-58793b5 e-con-boxed e-con\" data-id=\"58793b5\" data-element_type=\"container\" data-settings=\"{&quot;content_width&quot;:&quot;boxed&quot;}\">\n\t\t\t\t\t<div class=\"e-con-inner\">\n\t\t\t\t<div class=\"elementor-element elementor-element-ea1d5f4 elementor-widget elementor-widget-text-editor\" data-id=\"ea1d5f4\" data-element_type=\"widget\" data-widget_type=\"text-editor.default\">\n\t\t\t\t<div class=\"elementor-widget-container\">\n\t\t\t\t\t\t\t<p><span style=\"color: rgba(0, 0, 0, 0.9); font-family: -apple-system, system-ui, BlinkMacSystemFont, 'Segoe UI', Roboto, 'Helvetica Neue', 'Fira Sans', Ubuntu, Oxygen, 'Oxygen Sans', Cantarell, 'Droid Sans', 'Apple Color Emoji', 'Segoe UI Emoji', 'Segoe UI Emoji', 'Segoe UI Symbol', 'Lucida Grande', Helvetica, Arial, sans-serif; font-size: 14px; letter-spacing: normal;\"><img decoding=\"async\" loading=\"lazy\" class=\"aligncenter\" src=\"https:\/\/lwlaw.cz\/wp-content\/uploads\/2023\/05\/law-scale-300x300.png\" width=\"109\" height=\"109\" \/><\/span><\/p><p><strong><span style=\"color: #050505; font-family: 'Segoe UI Historic', 'Segoe UI', Helvetica, Arial, sans-serif; font-size: 15px; letter-spacing: normal; white-space-collapse: preserve; text-align: var(--text-align);\">V\u00edte, jak\u00e1 opr\u00e1vn\u011bn\u00ed m\u00e1 osoba odpov\u011bdn\u00e1 za spr\u00e1vu domu (SVJ) v\u016f\u010di vlastn\u00edkovi jednotky? Do\u010dtete se o tom v m\u00e9m \u010dl\u00e1nku:<\/span><\/strong><\/p>\t\t\t\t\t\t<\/div>\n\t\t\t\t<\/div>\n\t\t\t\t\t<\/div>\n\t\t\t\t<\/div>\n\t\t\t\t<\/div>\n\t\t<div class=\"elementor-element elementor-element-5b212d4 e-con-full e-con\" data-id=\"5b212d4\" data-element_type=\"container\" data-settings=\"{&quot;content_width&quot;:&quot;full&quot;}\">\n\t\t<div class=\"elementor-element elementor-element-bf6ecf4 e-con-boxed e-con\" data-id=\"bf6ecf4\" data-element_type=\"container\" data-settings=\"{&quot;content_width&quot;:&quot;boxed&quot;}\">\n\t\t\t\t\t<div class=\"e-con-inner\">\n\t\t\t\t<div class=\"elementor-element elementor-element-d016790 elementor-widget elementor-widget-text-editor\" data-id=\"d016790\" data-element_type=\"widget\" data-widget_type=\"text-editor.default\">\n\t\t\t\t<div class=\"elementor-widget-container\">\n\t\t\t\t\t\t\t<p><strong><span style=\"color: rgba(0, 0, 0, 0.9); font-family: -apple-system, system-ui, BlinkMacSystemFont, 'Segoe UI', Roboto, 'Helvetica Neue', 'Fira Sans', Ubuntu, Oxygen, 'Oxygen Sans', Cantarell, 'Droid Sans', 'Apple Color Emoji', 'Segoe UI Emoji', 'Segoe UI Emoji', 'Segoe UI Symbol', 'Lucida Grande', Helvetica, Arial, sans-serif; font-size: 14px; letter-spacing: normal;\"><img decoding=\"async\" loading=\"lazy\" class=\"aligncenter\" src=\"https:\/\/lwlaw.cz\/wp-content\/uploads\/2023\/05\/law-scale-300x300.png\" width=\"109\" height=\"109\" \/><\/span><\/strong><\/p><div class=\"xdj266r x11i5rnm xat24cr x1mh8g0r x1vvkbs x126k92a\"><p dir=\"auto\"><strong>Pronaj\u00edm\u00e1te nebytov\u00fd prostor k \u00fa\u010delu bydlen\u00ed? Pozor na rizika s t\u00edm spojen\u00e1!<\/strong><\/p><div dir=\"auto\"><strong>V sou\u010dasn\u00e9 dob\u011b lze (za spln\u011bn\u00ed ur\u010dit\u00fdch podm\u00ednek) v souladu s po\u017eadavky soukrom\u00e9ho pr\u00e1va platn\u011b pronajmout nebytov\u00fd prostor pro \u00fa\u010dely bydlen\u00ed. Je ov\u0161em v\u017edy nutn\u00e9 uv\u011bdomovat si rizika potenci\u00e1ln\u00ed odpov\u011bdnosti vlastn\u00edka dan\u00e9ho prostoru zejm\u00e9na za (i) pr\u00e1vn\u00ed stav prostoru, pokud tento bude jako byt deklarov\u00e1n v\u016f\u010di n\u00e1jemci bytu; (ii) p\u0159estupek dle ve\u0159ejnopr\u00e1vn\u00edch p\u0159edpis\u016f.<\/strong><\/div><div class=\"x11i5rnm xat24cr x1mh8g0r x1vvkbs xtlvy1s x126k92a\"><p dir=\"auto\"><strong>Vice se do\u010dtete v m\u00e9m \u010dl\u00e1nku tady:<\/strong><\/p><\/div><p dir=\"auto\">\u00a0<\/p><\/div><div dir=\"auto\">\u00a0<\/div>\t\t\t\t\t\t<\/div>\n\t\t\t\t<\/div>\n\t\t\t\t\t<\/div>\n\t\t\t\t<\/div>\n\t\t\t\t<\/div>\n\t\t<div class=\"elementor-element elementor-element-4a14591 e-con-full e-con\" data-id=\"4a14591\" data-element_type=\"container\" data-settings=\"{&quot;content_width&quot;:&quot;full&quot;}\">\n\t\t<div class=\"elementor-element elementor-element-d6babf0 e-con-boxed e-con\" data-id=\"d6babf0\" data-element_type=\"container\" data-settings=\"{&quot;content_width&quot;:&quot;boxed&quot;}\">\n\t\t\t\t\t<div class=\"e-con-inner\">\n\t\t\t\t<div class=\"elementor-element elementor-element-8cf55b8 elementor-widget elementor-widget-text-editor\" data-id=\"8cf55b8\" data-element_type=\"widget\" data-widget_type=\"text-editor.default\">\n\t\t\t\t<div class=\"elementor-widget-container\">\n\t\t\t\t\t\t\t<p><span style=\"color: rgba(0, 0, 0, 0.9); font-family: -apple-system, system-ui, BlinkMacSystemFont, 'Segoe UI', Roboto, 'Helvetica Neue', 'Fira Sans', Ubuntu, Oxygen, 'Oxygen Sans', Cantarell, 'Droid Sans', 'Apple Color Emoji', 'Segoe UI Emoji', 'Segoe UI Emoji', 'Segoe UI Symbol', 'Lucida Grande', Helvetica, Arial, sans-serif; font-size: 14px; letter-spacing: normal;\"><img decoding=\"async\" loading=\"lazy\" class=\"aligncenter\" src=\"https:\/\/lwlaw.cz\/wp-content\/uploads\/2023\/05\/law-scale-300x300.png\" width=\"109\" height=\"109\" \/><\/span><\/p><p><strong>Nev\u00edte, jak spr\u00e1vn\u011b svolat \u0159\u00e1dnou valnou hromadu akciov\u00e9 spole\u010dnosti? P\u0159e\u010dt\u011bte si m\u016fj \u010dl\u00e1nek tady: <\/strong><\/p>\t\t\t\t\t\t<\/div>\n\t\t\t\t<\/div>\n\t\t\t\t\t<\/div>\n\t\t\t\t<\/div>\n\t\t\t\t<\/div>\n\t\t<div class=\"elementor-element elementor-element-2370de6 e-con-full e-con\" data-id=\"2370de6\" data-element_type=\"container\" data-settings=\"{&quot;content_width&quot;:&quot;full&quot;}\">\n\t\t<div class=\"elementor-element elementor-element-5039af3 e-con-boxed e-con\" data-id=\"5039af3\" data-element_type=\"container\" data-settings=\"{&quot;content_width&quot;:&quot;boxed&quot;}\">\n\t\t\t\t\t<div class=\"e-con-inner\">\n\t\t\t\t<div class=\"elementor-element elementor-element-14d111e elementor-widget elementor-widget-text-editor\" data-id=\"14d111e\" data-element_type=\"widget\" data-widget_type=\"text-editor.default\">\n\t\t\t\t<div class=\"elementor-widget-container\">\n\t\t\t\t\t\t\t\t\t\t\t\t\t<\/div>\n\t\t\t\t<\/div>\n\t\t\t\t\t<\/div>\n\t\t\t\t<\/div>\n\t\t\t\t<\/div>\n\t\t<div class=\"elementor-element elementor-element-f9cabd2 e-con-full e-con\" data-id=\"f9cabd2\" data-element_type=\"container\" data-settings=\"{&quot;content_width&quot;:&quot;full&quot;}\">\n\t\t\t\t<\/div>\n\t\t\t\t\t<\/div>\n\t\t\t\t<\/div>\n\t\t\t\t\t\t\t<\/div>\n\t\t","protected":false},"excerpt":{"rendered":"<p>Spole\u010dn\u00fd n\u00e1jem bytu nebo domu k \u00fa\u010del\u016fm bydlen\u00ed n\u011bkolika osobami je v dne\u0161n\u00ed dob\u011b jeden z nejv\u00edce vyu\u017e\u00edvan\u00fdch pr\u00e1vn\u00edch institut\u016f v b\u011b\u017en\u00e9m \u017eivot\u011b, av\u0161ak o&hellip;<\/p>\n","protected":false},"author":1,"featured_media":0,"parent":0,"menu_order":0,"comment_status":"closed","ping_status":"closed","template":"","meta":[],"_links":{"self":[{"href":"https:\/\/lwlaw.cz\/cs\/wp-json\/wp\/v2\/pages\/3028"}],"collection":[{"href":"https:\/\/lwlaw.cz\/cs\/wp-json\/wp\/v2\/pages"}],"about":[{"href":"https:\/\/lwlaw.cz\/cs\/wp-json\/wp\/v2\/types\/page"}],"author":[{"embeddable":true,"href":"https:\/\/lwlaw.cz\/cs\/wp-json\/wp\/v2\/users\/1"}],"replies":[{"embeddable":true,"href":"https:\/\/lwlaw.cz\/cs\/wp-json\/wp\/v2\/comments?post=3028"}],"version-history":[{"count":16,"href":"https:\/\/lwlaw.cz\/cs\/wp-json\/wp\/v2\/pages\/3028\/revisions"}],"predecessor-version":[{"id":3627,"href":"https:\/\/lwlaw.cz\/cs\/wp-json\/wp\/v2\/pages\/3028\/revisions\/3627"}],"wp:attachment":[{"href":"https:\/\/lwlaw.cz\/cs\/wp-json\/wp\/v2\/media?parent=3028"}],"curies":[{"name":"wp","href":"https:\/\/api.w.org\/{rel}","templated":true}]}}