{"id":3024,"date":"2023-02-26T18:02:31","date_gmt":"2023-02-26T16:02:31","guid":{"rendered":"https:\/\/lwlaw.cz\/odmena\/"},"modified":"2023-05-24T02:20:14","modified_gmt":"2023-05-24T00:20:14","slug":"odmena","status":"publish","type":"page","link":"https:\/\/lwlaw.cz\/cs\/odmena\/","title":{"rendered":"Odm\u011bna"},"content":{"rendered":"\t\t<div data-elementor-type=\"wp-page\" data-elementor-id=\"3024\" class=\"elementor elementor-3024 elementor-154\">\n\t\t\t\t\t\t\t<div class=\"elementor-element elementor-element-554ef3b e-con-boxed e-con\" data-id=\"554ef3b\" data-element_type=\"container\" data-settings=\"{&quot;content_width&quot;:&quot;boxed&quot;}\">\n\t\t\t\t\t<div class=\"e-con-inner\">\n\t\t<div class=\"elementor-element elementor-element-01716a5 e-con-full e-con\" data-id=\"01716a5\" data-element_type=\"container\" data-settings=\"{&quot;content_width&quot;:&quot;full&quot;}\">\n\t\t\t\t<div class=\"elementor-element elementor-element-48d8e19 elementor-widget elementor-widget-text-editor\" data-id=\"48d8e19\" data-element_type=\"widget\" data-widget_type=\"text-editor.default\">\n\t\t\t\t<div class=\"elementor-widget-container\">\n\t\t\t<style>\/*! elementor - v3.12.2 - 23-04-2023 *\/\n.elementor-widget-text-editor.elementor-drop-cap-view-stacked .elementor-drop-cap{background-color:#69727d;color:#fff}.elementor-widget-text-editor.elementor-drop-cap-view-framed .elementor-drop-cap{color:#69727d;border:3px solid;background-color:transparent}.elementor-widget-text-editor:not(.elementor-drop-cap-view-default) .elementor-drop-cap{margin-top:8px}.elementor-widget-text-editor:not(.elementor-drop-cap-view-default) .elementor-drop-cap-letter{width:1em;height:1em}.elementor-widget-text-editor .elementor-drop-cap{float:left;text-align:center;line-height:1;font-size:50px}.elementor-widget-text-editor .elementor-drop-cap-letter{display:inline-block}<\/style>\t\t\t\t<p>Pokud jde o odm\u011bnu za pr\u00e1vn\u00ed slu\u017eby, <strong>poskytuji transparentn\u00ed a <\/strong> naprosto <strong>jasnou komunikaci<\/strong>.<\/p><p>Za poskytov\u00e1n\u00ed pr\u00e1vn\u00edch slu\u017eeb v\u011bt\u0161inou \u00fa\u010dtuji hodinovou sazbu, na kter\u00e9 se p\u0159edem s klientem dohodneme. Stanoven\u00e1 hodinov\u00e1 sazba z\u00e1vis\u00ed na typu poskytovan\u00fdch pr\u00e1vn\u00edch slu\u017eeb. Jakmile m\u00e1m p\u0159ehled o p\u0159edpokl\u00e1dan\u00e9m rozsahu pr\u00e1ce, jsem obvykle schopna odhadnout po\u010det hodin, kter\u00e9 budou pot\u0159eba vynalo\u017eit na dan\u00fd krok.<\/p><p>Jsem pl\u00e1tcem dan\u011b z p\u0159idan\u00e9 hodnoty (DPH), to znamen\u00e1, \u017ee ke v\u0161em fakturovan\u00fdm \u010d\u00e1stk\u00e1m bude p\u0159ipo\u010dteno DPH. Sou\u010dasn\u00e1 z\u00e1konn\u00e1 sazba DPH je 21 %.<\/p>\t\t\t\t\t\t<\/div>\n\t\t\t\t<\/div>\n\t\t\t\t<\/div>\n\t\t<div class=\"elementor-element elementor-element-e6f9676 e-con-full e-con\" data-id=\"e6f9676\" data-element_type=\"container\" data-settings=\"{&quot;content_width&quot;:&quot;full&quot;}\">\n\t\t\t\t<div class=\"elementor-element elementor-element-ea0c195 elementor-widget elementor-widget-text-editor\" data-id=\"ea0c195\" data-element_type=\"widget\" data-widget_type=\"text-editor.default\">\n\t\t\t\t<div class=\"elementor-widget-container\">\n\t\t\t\t\t\t\t<p><strong style=\"color: #b49964;\">\u2318 Faktura\u010dn\u00ed \u00fadaje:<\/strong><\/p><p><strong>Bankovn\u00ed \u00fa\u010det<\/strong>: 2113084289\/2700<\/p><p><strong>I\u010cO:<\/strong> 05018927<\/p><p><strong>DI\u010c:<\/strong> CZ8555094361<\/p>\t\t\t\t\t\t<\/div>\n\t\t\t\t<\/div>\n\t\t\t\t<\/div>\n\t\t\t\t\t<\/div>\n\t\t\t\t<\/div>\n\t\t<div class=\"elementor-element elementor-element-ede1ef8 e-con-boxed e-con\" data-id=\"ede1ef8\" data-element_type=\"container\" data-settings=\"{&quot;content_width&quot;:&quot;boxed&quot;}\">\n\t\t\t\t\t<div class=\"e-con-inner\">\n\t\t\t\t<div class=\"elementor-element elementor-element-7d59b3a elementor-widget elementor-widget-text-editor\" data-id=\"7d59b3a\" data-element_type=\"widget\" data-widget_type=\"text-editor.default\">\n\t\t\t\t<div class=\"elementor-widget-container\">\n\t\t\t\t\t\t\t<p><strong style=\"color: #b49964;\">\u2318 Pr\u00e1vn\u00ed z\u00e1klad :<\/strong><\/p><p>Odm\u011b\u0148ov\u00e1n\u00ed advok\u00e1t\u016f za poskytov\u00e1n\u00ed pr\u00e1vn\u00edch slu\u017eeb je v \u010cesk\u00e9 republice upraveno vyhl\u00e1\u0161kou Ministerstva spravedlnosti \u010d. 177\/1996 Sb., o odm\u011bn\u00e1ch a n\u00e1hrad\u00e1ch advok\u00e1t\u016f za poskytov\u00e1n\u00ed pr\u00e1vn\u00edch slu\u017eeb, ve zn\u011bn\u00ed pozd\u011bj\u0161\u00edch p\u0159edpis\u016f (d\u00e1le jen \u201e<strong>advok\u00e1tn\u00ed tarif<\/strong>\u201c). Advok\u00e1tn\u00ed tarif p\u0159edpokl\u00e1d\u00e1, \u017ee odm\u011bna advok\u00e1ta m\u016f\u017ee b\u00fdt stanovena jako odm\u011bna smluvn\u00ed nebo mimosmluvn\u00ed. Mimosmluvn\u00ed odm\u011bna se ve v\u0161em \u0159\u00edd\u00ed ustanoven\u00edmi advok\u00e1tn\u00edho tarifu.<\/p>\t\t\t\t\t\t<\/div>\n\t\t\t\t<\/div>\n\t\t\t\t\t<\/div>\n\t\t\t\t<\/div>\n\t\t\t\t\t\t\t<\/div>\n\t\t","protected":false},"excerpt":{"rendered":"<p>Pokud jde o odm\u011bnu za pr\u00e1vn\u00ed slu\u017eby, poskytuji transparentn\u00ed a naprosto jasnou komunikaci. Za poskytov\u00e1n\u00ed pr\u00e1vn\u00edch slu\u017eeb v\u011bt\u0161inou \u00fa\u010dtuji hodinovou sazbu, na kter\u00e9 se p\u0159edem&hellip;<\/p>\n","protected":false},"author":1,"featured_media":0,"parent":0,"menu_order":0,"comment_status":"closed","ping_status":"closed","template":"","meta":[],"_links":{"self":[{"href":"https:\/\/lwlaw.cz\/cs\/wp-json\/wp\/v2\/pages\/3024"}],"collection":[{"href":"https:\/\/lwlaw.cz\/cs\/wp-json\/wp\/v2\/pages"}],"about":[{"href":"https:\/\/lwlaw.cz\/cs\/wp-json\/wp\/v2\/types\/page"}],"author":[{"embeddable":true,"href":"https:\/\/lwlaw.cz\/cs\/wp-json\/wp\/v2\/users\/1"}],"replies":[{"embeddable":true,"href":"https:\/\/lwlaw.cz\/cs\/wp-json\/wp\/v2\/comments?post=3024"}],"version-history":[{"count":10,"href":"https:\/\/lwlaw.cz\/cs\/wp-json\/wp\/v2\/pages\/3024\/revisions"}],"predecessor-version":[{"id":3258,"href":"https:\/\/lwlaw.cz\/cs\/wp-json\/wp\/v2\/pages\/3024\/revisions\/3258"}],"wp:attachment":[{"href":"https:\/\/lwlaw.cz\/cs\/wp-json\/wp\/v2\/media?parent=3024"}],"curies":[{"name":"wp","href":"https:\/\/api.w.org\/{rel}","templated":true}]}}