{"id":3018,"date":"2019-08-22T12:04:25","date_gmt":"2019-08-22T10:04:25","guid":{"rendered":"https:\/\/lwlaw.cz\/uvod\/"},"modified":"2023-06-22T20:50:59","modified_gmt":"2023-06-22T18:50:59","slug":"uvod","status":"publish","type":"page","link":"https:\/\/lwlaw.cz\/cs\/","title":{"rendered":"\u00davod"},"content":{"rendered":"\t\t<div data-elementor-type=\"wp-post\" data-elementor-id=\"3018\" class=\"elementor elementor-3018 elementor-57\">\n\t\t\t\t\t\t\t\t\t<section class=\"elementor-section elementor-top-section elementor-element elementor-element-a709fa8 elementor-section-boxed elementor-section-height-default elementor-section-height-default\" data-id=\"a709fa8\" data-element_type=\"section\" data-settings=\"{&quot;background_background&quot;:&quot;classic&quot;}\">\n\t\t\t\t\t\t<div class=\"elementor-container elementor-column-gap-no\">\n\t\t\t\t\t<div class=\"elementor-column elementor-col-50 elementor-top-column elementor-element elementor-element-72bd0f3\" data-id=\"72bd0f3\" data-element_type=\"column\">\n\t\t\t<div class=\"elementor-widget-wrap elementor-element-populated\">\n\t\t\t\t\t\t\t\t<div class=\"elementor-element elementor-element-2ca8b23 elementor-widget elementor-widget-heading\" data-id=\"2ca8b23\" data-element_type=\"widget\" data-widget_type=\"heading.default\">\n\t\t\t\t<div class=\"elementor-widget-container\">\n\t\t\t<style>\/*! elementor - v3.12.2 - 23-04-2023 *\/\n.elementor-heading-title{padding:0;margin:0;line-height:1}.elementor-widget-heading .elementor-heading-title[class*=elementor-size-]>a{color:inherit;font-size:inherit;line-height:inherit}.elementor-widget-heading .elementor-heading-title.elementor-size-small{font-size:15px}.elementor-widget-heading .elementor-heading-title.elementor-size-medium{font-size:19px}.elementor-widget-heading .elementor-heading-title.elementor-size-large{font-size:29px}.elementor-widget-heading .elementor-heading-title.elementor-size-xl{font-size:39px}.elementor-widget-heading .elementor-heading-title.elementor-size-xxl{font-size:59px}<\/style><h1 class=\"elementor-heading-title elementor-size-default\">Advok\u00e1tka<\/h1>\t\t<\/div>\n\t\t\t\t<\/div>\n\t\t\t\t<div class=\"elementor-element elementor-element-0264d51 elementor-widget elementor-widget-heading\" data-id=\"0264d51\" data-element_type=\"widget\" data-widget_type=\"heading.default\">\n\t\t\t\t<div class=\"elementor-widget-container\">\n\t\t\t<h2 class=\"elementor-heading-title elementor-size-default\">Ludmila Winkel<\/h2>\t\t<\/div>\n\t\t\t\t<\/div>\n\t\t\t\t<div class=\"elementor-element elementor-element-075b6e5 elementor-widget elementor-widget-text-editor\" data-id=\"075b6e5\" data-element_type=\"widget\" data-widget_type=\"text-editor.default\">\n\t\t\t\t<div class=\"elementor-widget-container\">\n\t\t\t<style>\/*! elementor - v3.12.2 - 23-04-2023 *\/\n.elementor-widget-text-editor.elementor-drop-cap-view-stacked .elementor-drop-cap{background-color:#69727d;color:#fff}.elementor-widget-text-editor.elementor-drop-cap-view-framed .elementor-drop-cap{color:#69727d;border:3px solid;background-color:transparent}.elementor-widget-text-editor:not(.elementor-drop-cap-view-default) .elementor-drop-cap{margin-top:8px}.elementor-widget-text-editor:not(.elementor-drop-cap-view-default) .elementor-drop-cap-letter{width:1em;height:1em}.elementor-widget-text-editor .elementor-drop-cap{float:left;text-align:center;line-height:1;font-size:50px}.elementor-widget-text-editor .elementor-drop-cap-letter{display:inline-block}<\/style>\t\t\t\t<p>Jsem zku\u0161en\u00e1 advok\u00e1tka s v\u00edce ne\u017e 13letou prax\u00ed ve \u0161pi\u010dkov\u00fdch \u010desk\u00fdch advok\u00e1tn\u00edch kancel\u00e1\u0159\u00edch a ve v\u00fdznamn\u00e9 mezin\u00e1rodn\u00ed spole\u010dnosti.<\/p><p>Dnes tyto zku\u0161enosti vyu\u017e\u00edv\u00e1m k tomu, abych lidem a firm\u00e1m pomohla \u00fasp\u011b\u0161n\u011b dos\u00e1hnout jejich c\u00edl\u016f v pr\u00e1vn\u00edch z\u00e1le\u017eitostech.<\/p><p>Ke ka\u017ed\u00e9mu klientovi p\u0159istupuji individu\u00e1ln\u011b a na ka\u017ed\u00e9m kroku klientovi poskytuji jasnou informaci o stavu v\u011bci a p\u0159edpokl\u00e1dan\u00fdch n\u00e1kladech.<\/p><p>V\u017edy se sna\u017e\u00edm naj\u00edt pro klienta efektivn\u00ed a pohodln\u00e9 \u0159e\u0161en\u00ed.<\/p><p><strong>Zam\u011b\u0159uji se zejm\u00e9na na:<\/strong><\/p><ul><li><span style=\"font-weight: 400;\">Ob\u010dansk\u00e9 pr\u00e1vo<\/span><\/li><li><span style=\"font-weight: 400;\">Rodinn\u00e9 pr\u00e1vo<\/span><\/li><li><span style=\"font-weight: 400;\">Pr\u00e1vo nemovitost\u00ed<\/span><\/li><li><span style=\"font-weight: 400;\">Pr\u00e1vo obchodn\u00edch spole\u010dnost\u00ed<\/span><\/li><li><span style=\"font-weight: 400;\">Obchodn\u00ed z\u00e1vazky<\/span><\/li><li><span style=\"font-weight: 400;\">\u0158e\u0161en\u00ed spor\u016f<\/span><\/li><li>V\u00edce zde<\/li><\/ul>\t\t\t\t\t\t<\/div>\n\t\t\t\t<\/div>\n\t\t\t\t<div class=\"elementor-element elementor-element-0a7b35b elementor-widget elementor-widget-heading\" data-id=\"0a7b35b\" data-element_type=\"widget\" data-widget_type=\"heading.default\">\n\t\t\t\t<div class=\"elementor-widget-container\">\n\t\t\t<h2 class=\"elementor-heading-title elementor-size-default\">Ludmila Winkel<\/h2>\t\t<\/div>\n\t\t\t\t<\/div>\n\t\t\t\t\t<\/div>\n\t\t<\/div>\n\t\t\t\t<div class=\"elementor-column elementor-col-50 elementor-top-column elementor-element elementor-element-93a25f4\" data-id=\"93a25f4\" data-element_type=\"column\">\n\t\t\t<div class=\"elementor-widget-wrap elementor-element-populated\">\n\t\t\t\t\t\t\t\t<div class=\"elementor-element elementor-element-f6bec26 elementor-widget elementor-widget-image\" data-id=\"f6bec26\" data-element_type=\"widget\" data-widget_type=\"image.default\">\n\t\t\t\t<div class=\"elementor-widget-container\">\n\t\t\t<style>\/*! elementor - v3.12.2 - 23-04-2023 *\/\n.elementor-widget-image{text-align:center}.elementor-widget-image a{display:inline-block}.elementor-widget-image a img[src$=\".svg\"]{width:48px}.elementor-widget-image img{vertical-align:middle;display:inline-block}<\/style>\t\t\t\t\t\t\t\t\t\t\t\t<img decoding=\"async\" width=\"640\" height=\"830\" src=\"https:\/\/lwlaw.cz\/wp-content\/uploads\/2022\/11\/lusi-web-homepage-photo-scaled-e1686999888339-768x996.jpg\" class=\"attachment-medium_large size-medium_large wp-image-2571\" alt=\"\" loading=\"lazy\" srcset=\"https:\/\/lwlaw.cz\/wp-content\/uploads\/2022\/11\/lusi-web-homepage-photo-scaled-e1686999888339-768x996.jpg 768w, https:\/\/lwlaw.cz\/wp-content\/uploads\/2022\/11\/lusi-web-homepage-photo-scaled-e1686999888339-231x300.jpg 231w, https:\/\/lwlaw.cz\/wp-content\/uploads\/2022\/11\/lusi-web-homepage-photo-scaled-e1686999888339-790x1024.jpg 790w, https:\/\/lwlaw.cz\/wp-content\/uploads\/2022\/11\/lusi-web-homepage-photo-scaled-e1686999888339-1184x1536.jpg 1184w, https:\/\/lwlaw.cz\/wp-content\/uploads\/2022\/11\/lusi-web-homepage-photo-scaled-e1686999888339-1579x2048.jpg 1579w, https:\/\/lwlaw.cz\/wp-content\/uploads\/2022\/11\/lusi-web-homepage-photo-scaled-e1686999888339.jpg 1707w\" sizes=\"(max-width: 640px) 100vw, 640px\" \/>\t\t\t\t\t\t\t\t\t\t\t\t\t\t\t<\/div>\n\t\t\t\t<\/div>\n\t\t\t\t\t<\/div>\n\t\t<\/div>\n\t\t\t\t\t\t\t<\/div>\n\t\t<\/section>\n\t\t<div class=\"elementor-element elementor-element-d4cb7c2 e-con-boxed e-con\" data-id=\"d4cb7c2\" data-element_type=\"container\" data-settings=\"{&quot;content_width&quot;:&quot;boxed&quot;}\">\n\t\t\t\t\t<div class=\"e-con-inner\">\n\t\t\t\t<div class=\"elementor-element elementor-element-6ab0bf2 elementor-widget elementor-widget-text-editor\" data-id=\"6ab0bf2\" data-element_type=\"widget\" data-widget_type=\"text-editor.default\">\n\t\t\t\t<div class=\"elementor-widget-container\">\n\t\t\t\t\t\t\t<p><b>Hovo\u0159\u00edm plynn\u011b anglicky, \u010desky a rusky<\/b><span style=\"font-weight: 400;\">, co\u017e mi umo\u017e\u0148uje poskytovat pr\u00e1vn\u00ed slu\u017eby \u010desk\u00fdm i mezin\u00e1rodn\u00edm klient\u016fm<\/span><br \/><span style=\"font-weight: 400;\">M\u00e1m tak\u00e9 bohat\u00e9 zku\u0161enosti s poskytov\u00e1n\u00edm poradenstv\u00ed firm\u00e1m a jednotlivc\u016fm, kte\u0159\u00ed podnikaj\u00ed v zahrani\u010d\u00ed.<\/span><\/p>\t\t\t\t\t\t<\/div>\n\t\t\t\t<\/div>\n\t\t\t\t\t<\/div>\n\t\t\t\t<\/div>\n\t\t<div class=\"elementor-element elementor-element-08e90a6 e-con-boxed e-con\" data-id=\"08e90a6\" data-element_type=\"container\" data-settings=\"{&quot;content_width&quot;:&quot;boxed&quot;}\">\n\t\t\t\t\t<div class=\"e-con-inner\">\n\t\t\t\t<div class=\"elementor-element elementor-element-ee00a44 elementor-align-center elementor-widget elementor-widget-button\" data-id=\"ee00a44\" data-element_type=\"widget\" data-widget_type=\"button.default\">\n\t\t\t\t<div class=\"elementor-widget-container\">\n\t\t\t\t\t<div class=\"elementor-button-wrapper\">\n\t\t\t<a href=\"https:\/\/lwlaw.cz\/cs\/kontakt\/\" class=\"elementor-button-link elementor-button elementor-size-sm\" role=\"button\">\n\t\t\t\t\t\t<span class=\"elementor-button-content-wrapper\">\n\t\t\t\t\t\t<span class=\"elementor-button-text\">Kontaktujte m\u011b<\/span>\n\t\t<\/span>\n\t\t\t\t\t<\/a>\n\t\t<\/div>\n\t\t\t\t<\/div>\n\t\t\t\t<\/div>\n\t\t\t\t\t<\/div>\n\t\t\t\t<\/div>\n\t\t\t\t<section class=\"elementor-section elementor-top-section elementor-element elementor-element-30c1d9b elementor-section-stretched elementor-section-height-min-height elementor-section-boxed elementor-section-height-default elementor-section-items-middle\" data-id=\"30c1d9b\" data-element_type=\"section\" data-settings=\"{&quot;stretch_section&quot;:&quot;section-stretched&quot;,&quot;background_background&quot;:&quot;classic&quot;}\">\n\t\t\t\t\t\t\t<div class=\"elementor-background-overlay\"><\/div>\n\t\t\t\t\t\t\t<div class=\"elementor-container elementor-column-gap-default\">\n\t\t\t\t\t<div class=\"elementor-column elementor-col-100 elementor-top-column elementor-element elementor-element-30ed5ec\" data-id=\"30ed5ec\" data-element_type=\"column\">\n\t\t\t<div class=\"elementor-widget-wrap elementor-element-populated\">\n\t\t\t\t\t\t\t\t<div class=\"elementor-element elementor-element-f540330 elementor-widget elementor-widget-heading\" data-id=\"f540330\" data-element_type=\"widget\" data-widget_type=\"heading.default\">\n\t\t\t\t<div class=\"elementor-widget-container\">\n\t\t\t<h2 class=\"elementor-heading-title elementor-size-default\">CO \u0158\u00cdKAJ\u00cd MOJI KLIENTI<\/h2>\t\t<\/div>\n\t\t\t\t<\/div>\n\t\t\t\t<section class=\"elementor-section elementor-inner-section elementor-element elementor-element-c10fb88 elementor-section-height-min-height elementor-section-boxed elementor-section-height-default\" data-id=\"c10fb88\" data-element_type=\"section\">\n\t\t\t\t\t\t<div class=\"elementor-container elementor-column-gap-default\">\n\t\t\t\t\t<div class=\"elementor-column elementor-col-50 elementor-inner-column elementor-element elementor-element-f8abc18\" data-id=\"f8abc18\" data-element_type=\"column\">\n\t\t\t<div class=\"elementor-widget-wrap elementor-element-populated\">\n\t\t\t\t\t\t\t\t<div class=\"elementor-element elementor-element-f372958 elementor-widget elementor-widget-text-editor\" data-id=\"f372958\" data-element_type=\"widget\" data-widget_type=\"text-editor.default\">\n\t\t\t\t<div class=\"elementor-widget-container\">\n\t\t\t\t\t\t\tDoporu\u010duji JUDr. Ludmilu Winkel p\u0159edev\u0161\u00edm pro jej\u00ed odbornost. M\u00e1 tak\u00e9 dobr\u00e9 komunika\u010dn\u00ed schopnosti, je dob\u0159e organizovan\u00e1, \u010destn\u00e1 a v\u00fd\u0161e po\u017eadovan\u00e9 odm\u011bny je p\u0159im\u011b\u0159en\u00e1.\n\t\t\t\t\t\t<\/div>\n\t\t\t\t<\/div>\n\t\t\t\t<div class=\"elementor-element elementor-element-3369b4e elementor-widget elementor-widget-heading\" data-id=\"3369b4e\" data-element_type=\"widget\" data-widget_type=\"heading.default\">\n\t\t\t\t<div class=\"elementor-widget-container\">\n\t\t\t<h2 class=\"elementor-heading-title elementor-size-default\">Mohamed H.<\/h2>\t\t<\/div>\n\t\t\t\t<\/div>\n\t\t\t\t<div class=\"elementor-element elementor-element-6b07add elementor-widget elementor-widget-heading\" data-id=\"6b07add\" data-element_type=\"widget\" data-widget_type=\"heading.default\">\n\t\t\t\t<div class=\"elementor-widget-container\">\n\t\t\t<p class=\"elementor-heading-title elementor-size-default\">Klient<\/p>\t\t<\/div>\n\t\t\t\t<\/div>\n\t\t\t\t\t<\/div>\n\t\t<\/div>\n\t\t\t\t<div class=\"elementor-column elementor-col-50 elementor-inner-column elementor-element elementor-element-a43e869\" data-id=\"a43e869\" data-element_type=\"column\">\n\t\t\t<div class=\"elementor-widget-wrap elementor-element-populated\">\n\t\t\t\t\t\t\t\t<div class=\"elementor-element elementor-element-b415bbb elementor-widget elementor-widget-text-editor\" data-id=\"b415bbb\" data-element_type=\"widget\" data-widget_type=\"text-editor.default\">\n\t\t\t\t<div class=\"elementor-widget-container\">\n\t\t\t\t\t\t\tPan\u00ed doktorka mi velmi dob\u0159e pomohla v d\u016fle\u017eit\u00e9 rodinn\u00e9 z\u00e1le\u017eitosti. Od t\u00e9 doby se na Ludmilu Winkel obrac\u00edm ve v\u0161ech pr\u00e1vn\u00edch ot\u00e1zk\u00e1ch.\t\t\t\t\t\t<\/div>\n\t\t\t\t<\/div>\n\t\t\t\t<div class=\"elementor-element elementor-element-4852f2a elementor-widget elementor-widget-heading\" data-id=\"4852f2a\" data-element_type=\"widget\" data-widget_type=\"heading.default\">\n\t\t\t\t<div class=\"elementor-widget-container\">\n\t\t\t<h2 class=\"elementor-heading-title elementor-size-default\">Olena D.<\/h2>\t\t<\/div>\n\t\t\t\t<\/div>\n\t\t\t\t<div class=\"elementor-element elementor-element-e570300 elementor-widget elementor-widget-heading\" data-id=\"e570300\" data-element_type=\"widget\" data-widget_type=\"heading.default\">\n\t\t\t\t<div class=\"elementor-widget-container\">\n\t\t\t<p class=\"elementor-heading-title elementor-size-default\">Klient<\/p>\t\t<\/div>\n\t\t\t\t<\/div>\n\t\t\t\t\t<\/div>\n\t\t<\/div>\n\t\t\t\t\t\t\t<\/div>\n\t\t<\/section>\n\t\t\t\t\t<\/div>\n\t\t<\/div>\n\t\t\t\t\t\t\t<\/div>\n\t\t<\/section>\n\t\t\t\t\t\t\t<\/div>\n\t\t","protected":false},"excerpt":{"rendered":"<p>Advok\u00e1tka Ludmila Winkel Jsem zku\u0161en\u00e1 advok\u00e1tka s v\u00edce ne\u017e 13letou prax\u00ed ve \u0161pi\u010dkov\u00fdch \u010desk\u00fdch advok\u00e1tn\u00edch kancel\u00e1\u0159\u00edch a ve v\u00fdznamn\u00e9 mezin\u00e1rodn\u00ed spole\u010dnosti. Dnes tyto zku\u0161enosti vyu\u017e\u00edv\u00e1m&hellip;<\/p>\n","protected":false},"author":1,"featured_media":0,"parent":0,"menu_order":0,"comment_status":"closed","ping_status":"closed","template":"","meta":[],"_links":{"self":[{"href":"https:\/\/lwlaw.cz\/cs\/wp-json\/wp\/v2\/pages\/3018"}],"collection":[{"href":"https:\/\/lwlaw.cz\/cs\/wp-json\/wp\/v2\/pages"}],"about":[{"href":"https:\/\/lwlaw.cz\/cs\/wp-json\/wp\/v2\/types\/page"}],"author":[{"embeddable":true,"href":"https:\/\/lwlaw.cz\/cs\/wp-json\/wp\/v2\/users\/1"}],"replies":[{"embeddable":true,"href":"https:\/\/lwlaw.cz\/cs\/wp-json\/wp\/v2\/comments?post=3018"}],"version-history":[{"count":22,"href":"https:\/\/lwlaw.cz\/cs\/wp-json\/wp\/v2\/pages\/3018\/revisions"}],"predecessor-version":[{"id":3548,"href":"https:\/\/lwlaw.cz\/cs\/wp-json\/wp\/v2\/pages\/3018\/revisions\/3548"}],"wp:attachment":[{"href":"https:\/\/lwlaw.cz\/cs\/wp-json\/wp\/v2\/media?parent=3018"}],"curies":[{"name":"wp","href":"https:\/\/api.w.org\/{rel}","templated":true}]}}